{"id":3109,"date":"2022-09-15T14:18:37","date_gmt":"2022-09-15T14:18:37","guid":{"rendered":"https:\/\/profiloplast.pl\/veka-vekamotion-82\/"},"modified":"2023-03-16T13:09:18","modified_gmt":"2023-03-16T13:09:18","slug":"veka-vekamotion-82","status":"publish","type":"page","link":"https:\/\/profiloplast.pl\/de\/veka-vekamotion-82\/","title":{"rendered":"VEKA Vekamotion 82 de"},"content":{"rendered":"<p>[vc_row full_width=&#8220;stretch_row&#8220; equal_height=&#8220;yes&#8220; css=&#8220;.vc_custom_1663251239978{margin-bottom: 0px !important;padding-top: 10px !important;padding-bottom: 0px !important;background-color: #f7f7f7 !important;}&#8220;][vc_column css=&#8220;.vc_custom_1663251175927{margin-bottom: 0px !important;}&#8220;][vc_column_text css=&#8220;.vc_custom_1663251550927{margin-bottom: 0px !important;padding-top: 5px !important;padding-bottom: 5px !important;}&#8220;]<\/p>\n<h2>Vekamotion 82<\/h2>\n<p>[\/vc_column_text][\/vc_column][\/vc_row][vc_row full_width=&#8220;stretch_row&#8220; equal_height=&#8220;yes&#8220; css=&#8220;.vc_custom_1663251221485{margin-top: -10px !important;padding-top: 0px !important;padding-bottom: 60px !important;background-color: #f7f7f7 !important;}&#8220;][vc_column width=&#8220;1\/3&#8243; css=&#8220;.vc_custom_1659965656176{margin-bottom: 0px !important;}&#8220;][vc_single_image image=&#8220;2228&#8243; img_size=&#8220;full&#8220; alignment=&#8220;center&#8220; onclick=&#8220;link_image&#8220; css=&#8220;.vc_custom_1663252210462{margin-bottom: 10px !important;padding-bottom: 5px !important;}&#8220;][\/vc_column][vc_column width=&#8220;2\/3&#8243; css=&#8220;.vc_custom_1659965662183{margin-bottom: 0px !important;}&#8220;][vc_tta_tour shape=&#8220;square&#8220; gap=&#8220;1&#8243; active_section=&#8220;1&#8243; no_fill_content_area=&#8220;true&#8220;][vc_tta_section title=&#8220;Energieeffizienz&#8220; tab_id=&#8220;1661871244065-b1605bbf-c157&#8243;][vc_column_text css=&#8220;.vc_custom_1678971698618{margin-bottom: 0px !important;padding-bottom: 5px !important;}&#8220;]VEKAMOTION 82 \u2013 Profile haben einen W\u00e4rmedurchgangskoeffizienten Uf=1,4 W\/m\u00b2K.<\/p>\n<p>Hochd\u00e4mmende Mehrkammer-Geometrie f\u00fcr h\u00f6chste Energieeffizienz und beste W\u00e4rmed\u00e4mmwerte von bis zu Uw = 0,78 W\/m2K mit Ug = 0,5 W\/m2K bei einer Elementgr\u00f6\u00dfe von 3,5 x 2,3 m.<\/p>\n<p>Das System ist in zwei Versionen erh\u00e4ltlich: VEKAMOTION 82, VEKAMOTION 82 mit Aluminiumauflage.<\/p>\n<p>Dank der neuen PVC-Bodenschwelle lassen sich mit VEKAMOTION 82 barrierefreie Durchg\u00e4nge bei h\u00f6chster Energieeffizienz unkompliziert realisieren.<br \/>\n[\/vc_column_text][\/vc_tta_section][vc_tta_section title=&#8220;Klasse A&#8220; tab_id=&#8220;1661871244095-8b36626b-65e0&#8243;][vc_column_text css=&#8220;.vc_custom_1678971734890{margin-bottom: 0px !important;padding-bottom: 5px !important;}&#8220;]<\/p>\n<p lang=\"de-DE\">Klasse-A-Profil nach DIN EN 12608 mit einer Au\u00dfenwanddicke von 3 mm (Toleranz +- 0,2 mm).<\/p>\n<p>[\/vc_column_text][\/vc_tta_section][vc_tta_section title=&#8220;Anzahl der Kammern &#8220; tab_id=&#8220;1661871244127-41435e7e-66e2&#8243;][vc_column_text]<\/p>\n<p lang=\"de-DE\">Im Fl\u00fcgel vom Hebe-Schiebet\u00fcrsystem m\u00fcssen vor allem entsprechende und solide Verst\u00e4rkungen sein und in diesem Fall sind statistische Parameter viel wichtiger als die Anzahl der Kammern.<\/p>\n<p lang=\"de-DE\">Im System VEKAMOTION 82 betr\u00e4gt die Basis-Bautiefe 82 mm.<\/p>\n<p>[\/vc_column_text][\/vc_tta_section][vc_tta_section title=&#8220;H\u00f6he des Profils&#8220; tab_id=&#8220;1661871244172-bc72d5e4-e3e6&#8243;][vc_column_text]Die Zusammensetzung von Schwelle und Fl\u00fcgel hat Abmessungen 152 mm und von Blendrahmen und Fl\u00fcgel 163 mm (in der Standardversion). Die Hebe-Schiebet\u00fcr-Schwelle wird in den Boden eingelassen. Dadurch wird die Verbindung von Drinnen und Drau\u00dfen mit Hilfe einer Hebeschiebet\u00fcr barrierefrei gestaltet.<br \/>\n[\/vc_column_text][\/vc_tta_section][vc_tta_section title=&#8220;Verglasung&#8220; tab_id=&#8220;1661871244204-501a6315-2191&#8243;][vc_column_text]Das System VEKAMOTION 82 ist f\u00fcr dreifach verglaste Pakete geeignet.<br \/>\n[\/vc_column_text][\/vc_tta_section][vc_tta_section title=&#8220;Dichtungen&#8220; tab_id=&#8220;1661871244233-7235cfca-fbeb&#8220;][vc_column_text]VEKAMOTION 82 h\u00e4lt Wind und Schlagregen ab. Daf\u00fcr sorgt mehrstufiges Dichtungssystem.[\/vc_column_text][\/vc_tta_section][vc_tta_section title=&#8220;Beschl\u00e4ge&#8220; tab_id=&#8220;1661871244265-26c72b30-2dfa&#8220;][vc_column_text]Die im VEKAMOTION 82 \u2013 System verwendeten Beschl\u00e4ge erm\u00f6glichen Verbindung zwei- drei- und viefl\u00fcgeligen Terrassent\u00fcren bis maximaler Breite 6,5 m und maximaler H\u00f6he 2,7 m.<\/p>\n<p>In farbigen Konstruktionen kann maximale Fl\u00e4che eines Fl\u00fcgels bis zu 5,5 m\u00b2 und maximales Gewicht zu 250 kg betragen.<br \/>\nIn wei\u00dfen Konstruktionen kann maximale Fl\u00e4che eines Fl\u00fcgels bis zu 6,5 m\u00b2 und maximales Gewicht zu 250 kg betragen. [\/vc_column_text][\/vc_tta_section][vc_tta_section title=&#8220;Design&#8220; tab_id=&#8220;1661871244293-f57f9eab-37cd&#8220;][vc_column_text]Das Hebe-Schiebet\u00fcr VEKAMOTION 82 &#8211; System bietet einen Panoramablick auf die Umgebung des Hauses, was in der modernen Architektur, die sich auf die Integration der Innenr\u00e4ume des Hauses mit dem Garten konzentriert, wichtig ist.<br \/>\nHebe-Schiebet\u00fcren in klassischem Wei\u00df oder in einer gro\u00dfen Auswahl an Farben und Holzdekoren f\u00fcr jeden Stil.[\/vc_column_text][\/vc_tta_section][vc_tta_section title=&#8220;Zubeh\u00f6r&#8220; tab_id=&#8220;1661871244324-68dba0e5-daf7&#8243;][vc_row_inner][vc_column_inner][vc_column_text]<\/p>\n<p lang=\"de-DE\">Erh\u00e4ltlich sind Rolll\u00e4den, die das Geb\u00e4ude vor W\u00e4rmeverlust und L\u00e4rm sch\u00fctzen.<\/p>\n<p>[\/vc_column_text][\/vc_column_inner][\/vc_row_inner][\/vc_tta_section][\/vc_tta_tour][\/vc_column][\/vc_row]<\/p>\n","protected":false},"excerpt":{"rendered":"<p>[vc_row full_width=&#8220;stretch_row&#8220; equal_height=&#8220;yes&#8220; css=&#8220;.vc_custom_1663251239978{margin-bottom: 0px !important;padding-top: 10px !important;padding-bottom: 0px !important;background-color: #f7f7f7 !important;}&#8220;][vc_column css=&#8220;.vc_custom_1663251175927{margin-bottom: 0px !important;}&#8220;][vc_column_text css=&#8220;.vc_custom_1663251550927{margin-bottom: 0px !important;padding-top: 5px !important;padding-bottom: 5px !important;}&#8220;] Vekamotion 82 [\/vc_column_text][\/vc_column][\/vc_row][vc_row full_width=&#8220;stretch_row&#8220; equal_height=&#8220;yes&#8220; css=&#8220;.vc_custom_1663251221485{margin-top: -10px !important;padding-top: 0px !important;padding-bottom: 60px !important;background-color: #f7f7f7 !important;}&#8220;][vc_column width=&#8220;1\/3&#8243; css=&#8220;.vc_custom_1659965656176{margin-bottom: 0px !important;}&#8220;][vc_single_image image=&#8220;2228&#8243; img_size=&#8220;full&#8220; alignment=&#8220;center&#8220; onclick=&#8220;link_image&#8220; css=&#8220;.vc_custom_1663252210462{margin-bottom: 10px !important;padding-bottom: 5px !important;}&#8220;][\/vc_column][vc_column width=&#8220;2\/3&#8243; css=&#8220;.vc_custom_1659965662183{margin-bottom: 0px !important;}&#8220;][vc_tta_tour shape=&#8220;square&#8220; gap=&#8220;1&#8243;&hellip;<\/p>\n","protected":false},"author":1,"featured_media":2897,"parent":0,"menu_order":0,"comment_status":"closed","ping_status":"open","template":"","meta":{"footnotes":""},"class_list":["post-3109","page","type-page","status-publish","has-post-thumbnail","hentry","description-off"],"_links":{"self":[{"href":"https:\/\/profiloplast.pl\/de\/wp-json\/wp\/v2\/pages\/3109","targetHints":{"allow":["GET"]}}],"collection":[{"href":"https:\/\/profiloplast.pl\/de\/wp-json\/wp\/v2\/pages"}],"about":[{"href":"https:\/\/profiloplast.pl\/de\/wp-json\/wp\/v2\/types\/page"}],"author":[{"embeddable":true,"href":"https:\/\/profiloplast.pl\/de\/wp-json\/wp\/v2\/users\/1"}],"replies":[{"embeddable":true,"href":"https:\/\/profiloplast.pl\/de\/wp-json\/wp\/v2\/comments?post=3109"}],"version-history":[{"count":4,"href":"https:\/\/profiloplast.pl\/de\/wp-json\/wp\/v2\/pages\/3109\/revisions"}],"predecessor-version":[{"id":3193,"href":"https:\/\/profiloplast.pl\/de\/wp-json\/wp\/v2\/pages\/3109\/revisions\/3193"}],"wp:featuredmedia":[{"embeddable":true,"href":"https:\/\/profiloplast.pl\/de\/wp-json\/wp\/v2\/media\/2897"}],"wp:attachment":[{"href":"https:\/\/profiloplast.pl\/de\/wp-json\/wp\/v2\/media?parent=3109"}],"curies":[{"name":"wp","href":"https:\/\/api.w.org\/{rel}","templated":true}]}}