{"id":3107,"date":"2022-08-30T14:10:58","date_gmt":"2022-08-30T14:10:58","guid":{"rendered":"https:\/\/profiloplast.pl\/okna-pvc-z-profilu-veka-softline-82-md\/"},"modified":"2023-03-17T11:12:32","modified_gmt":"2023-03-17T11:12:32","slug":"fenster-pvc-veka-softline-82-md","status":"publish","type":"page","link":"https:\/\/profiloplast.pl\/de\/fenster-pvc-veka-softline-82-md\/","title":{"rendered":"VEKA Softline 82 MD de"},"content":{"rendered":"<p>[vc_row full_width=&#8220;stretch_row&#8220; equal_height=&#8220;yes&#8220; css=&#8220;.vc_custom_1663251239978{margin-bottom: 0px !important;padding-top: 10px !important;padding-bottom: 0px !important;background-color: #f7f7f7 !important;}&#8220;][vc_column css=&#8220;.vc_custom_1663251175927{margin-bottom: 0px !important;}&#8220;][vc_column_text css=&#8220;.vc_custom_1663251182406{margin-bottom: 0px !important;padding-top: 5px !important;padding-bottom: 5px !important;}&#8220;]<\/p>\n<h2 style=\"text-align: left;\">Softline 82 MD<\/h2>\n<p>[\/vc_column_text][\/vc_column][\/vc_row][vc_row full_width=&#8220;stretch_row&#8220; equal_height=&#8220;yes&#8220; css=&#8220;.vc_custom_1663251221485{margin-top: -10px !important;padding-top: 0px !important;padding-bottom: 60px !important;background-color: #f7f7f7 !important;}&#8220;][vc_column width=&#8220;1\/3&#8243; css=&#8220;.vc_custom_1659965656176{margin-bottom: 0px !important;}&#8220;][vc_single_image image=&#8220;2016&#8243; img_size=&#8220;full&#8220; alignment=&#8220;center&#8220; onclick=&#8220;link_image&#8220; css=&#8220;.vc_custom_1661865698698{margin-bottom: 10px !important;padding-bottom: 5px !important;}&#8220;][\/vc_column][vc_column width=&#8220;2\/3&#8243; css=&#8220;.vc_custom_1659965662183{margin-bottom: 0px !important;}&#8220;][vc_tta_tour shape=&#8220;square&#8220; gap=&#8220;1&#8243; active_section=&#8220;1&#8243; no_fill_content_area=&#8220;true&#8220;][vc_tta_section title=&#8220;Energieeffizienz&#8220; tab_id=&#8220;1661871244065-b1605bbf-c157&#8243;][vc_column_text css=&#8220;.vc_custom_1678973443395{margin-bottom: 0px !important;padding-bottom: 5px !important;}&#8220;]Softline 82 MD \u2013 Profile geh\u00f6ren zu den modernsten Profilen auf dem Markt und haben eine hohe Energieeffizienz.<\/p>\n<p>Softline 82 MD \u2013 Profile haben einen W\u00e4rmedurchgangskoeffizienten von 1,0 W\/m\u00b2K. Bei Verwendung eines Verglasungspakets mit einem Ug-Wert von 0,7 W\/m\u00b2K wird das Fenster einen U-Wert von 0,91 W\/m\u00b2K haben, was den Anforderungen f\u00fcr Energiesparh\u00e4user entspricht. Mit einem Verglasungspaket von Ug = 0,4 W\/m\u00b2K hat das Fenster einen Uw-Wert von 0,7 W\/m\u00b2K und kann in Passivh\u00e4usern eingebaut werden.[\/vc_column_text][\/vc_tta_section][vc_tta_section title=&#8220;Klasse A&#8220; tab_id=&#8220;1661871244095-8b36626b-65e0&#8243;][vc_column_text css=&#8220;.vc_custom_1678971061190{margin-bottom: 0px !important;padding-bottom: 5px !important;}&#8220;]Klasse-A-Profil nach DIN EN 12608 mit einer Au\u00dfenwanddicke von 3 mm (Toleranz +- 0,2 mm).[\/vc_column_text][\/vc_tta_section][vc_tta_section title=&#8220;Anzahl der Kammern&#8220; tab_id=&#8220;1661871244127-41435e7e-66e2&#8243;][vc_column_text]Im Blendrahmen gibt es 7 Kammern, im Fl\u00fcgel 6. In beiden wurden eine Verst\u00e4rkungskammer und Stahlprofile verwendet, die die Konstruktion verst\u00e4rken.[\/vc_column_text][\/vc_tta_section][vc_tta_section title=&#8220;H\u00f6he des Profils&#8220; tab_id=&#8220;1661871244172-bc72d5e4-e3e6&#8243;][vc_column_text]Die Zusammensetzung von Blendrahmen und Fl\u00fcgel hat Abmessungen ab 114 mm. Es kann bei gro\u00dfen Konstruktionen, besonderen statischen Anforderungen, besonderer Lage des Geb\u00e4udes und daraus folgender Notwendigkeit der Auswahl geeigneter Profile gr\u00f6\u00dfer sein.[\/vc_column_text][\/vc_tta_section][vc_tta_section title=&#8220;Verglasung&#8220; tab_id=&#8220;1661871244204-501a6315-2191&#8243;][vc_column_text]Softline 82 MD \u2013 Profile sind f\u00fcr zweifach und dreifach verglaste Pakete geeignet. Die Verglasungsst\u00e4rken k\u00f6nnen zwischen 24 und 52 mm betragen.<\/p>\n<p>Die Verglasung ist sehr tief in das Profil eingebettet, d. h. 25 mm, wodurch das Fenster bessere thermische Eigenschaften hat und weniger Wasserdampfkondensation ausgesetzt ist.[\/vc_column_text][\/vc_tta_section][vc_tta_section title=&#8220;Dichtungen&#8220; tab_id=&#8220;1661871244233-7235cfca-fbeb&#8220;][vc_column_text]Au\u00dfer den zwei au\u00dfenliegenden Anschlagdichtungen gibt es eine Mitteldichtung, die die akustischen und thermischen Schutzparameter verbessert.<\/p>\n<p>Dichtungen sind in Schwarz, Grau oder Karamell erh\u00e4ltlich (abh\u00e4ngig von der Fensterfarbe).[\/vc_column_text][\/vc_tta_section][vc_tta_section title=&#8220;Beschl\u00e4ge&#8220; tab_id=&#8220;1661871244265-26c72b30-2dfa&#8220;][vc_column_text]Es gibt die M\u00f6glichkeit, beliebige auch einbruchhemmende Beschl\u00e4ge<br \/>\neinzubauen.<br \/>\n[\/vc_column_text][\/vc_tta_section][vc_tta_section title=&#8220;Design&#8220; tab_id=&#8220;1661871244293-f57f9eab-37cd&#8220;][vc_column_text]Das klassische Design mit eleganten Formen und leicht abgerundeten Kanten f\u00fcgt sich harmonisch in jeden Architekturstil ein.<\/p>\n<p>Fenster in klassischem Wei\u00df oder in einer gro\u00dfen Auswahl an Farben und Holzdekoren f\u00fcr jeden Stil.<br \/>\n[\/vc_column_text][\/vc_tta_section][vc_tta_section title=&#8220;Zubeh\u00f6r&#8220; tab_id=&#8220;1661871244324-68dba0e5-daf7&#8243;][vc_row_inner][vc_column_inner][vc_column_text]Erh\u00e4ltlich sind: Fensterb\u00e4nke, Fensterbankanschlussprofile, Rollladenk\u00e4sten, Kopplungen, Rahmenverbreiterungen usw.[\/vc_column_text][\/vc_column_inner][\/vc_row_inner][\/vc_tta_section][\/vc_tta_tour][\/vc_column][\/vc_row]<\/p>\n","protected":false},"excerpt":{"rendered":"<p>[vc_row full_width=&#8220;stretch_row&#8220; equal_height=&#8220;yes&#8220; css=&#8220;.vc_custom_1663251239978{margin-bottom: 0px !important;padding-top: 10px !important;padding-bottom: 0px !important;background-color: #f7f7f7 !important;}&#8220;][vc_column css=&#8220;.vc_custom_1663251175927{margin-bottom: 0px !important;}&#8220;][vc_column_text css=&#8220;.vc_custom_1663251182406{margin-bottom: 0px !important;padding-top: 5px !important;padding-bottom: 5px !important;}&#8220;] Softline 82 MD [\/vc_column_text][\/vc_column][\/vc_row][vc_row full_width=&#8220;stretch_row&#8220; equal_height=&#8220;yes&#8220; css=&#8220;.vc_custom_1663251221485{margin-top: -10px !important;padding-top: 0px !important;padding-bottom: 60px !important;background-color: #f7f7f7 !important;}&#8220;][vc_column width=&#8220;1\/3&#8243; css=&#8220;.vc_custom_1659965656176{margin-bottom: 0px !important;}&#8220;][vc_single_image image=&#8220;2016&#8243; img_size=&#8220;full&#8220; alignment=&#8220;center&#8220; onclick=&#8220;link_image&#8220; css=&#8220;.vc_custom_1661865698698{margin-bottom: 10px !important;padding-bottom: 5px !important;}&#8220;][\/vc_column][vc_column width=&#8220;2\/3&#8243; css=&#8220;.vc_custom_1659965662183{margin-bottom: 0px !important;}&#8220;][vc_tta_tour shape=&#8220;square&#8220;&hellip;<\/p>\n","protected":false},"author":1,"featured_media":2827,"parent":0,"menu_order":0,"comment_status":"closed","ping_status":"open","template":"","meta":{"footnotes":""},"class_list":["post-3107","page","type-page","status-publish","has-post-thumbnail","hentry","description-off"],"_links":{"self":[{"href":"https:\/\/profiloplast.pl\/de\/wp-json\/wp\/v2\/pages\/3107","targetHints":{"allow":["GET"]}}],"collection":[{"href":"https:\/\/profiloplast.pl\/de\/wp-json\/wp\/v2\/pages"}],"about":[{"href":"https:\/\/profiloplast.pl\/de\/wp-json\/wp\/v2\/types\/page"}],"author":[{"embeddable":true,"href":"https:\/\/profiloplast.pl\/de\/wp-json\/wp\/v2\/users\/1"}],"replies":[{"embeddable":true,"href":"https:\/\/profiloplast.pl\/de\/wp-json\/wp\/v2\/comments?post=3107"}],"version-history":[{"count":5,"href":"https:\/\/profiloplast.pl\/de\/wp-json\/wp\/v2\/pages\/3107\/revisions"}],"predecessor-version":[{"id":3198,"href":"https:\/\/profiloplast.pl\/de\/wp-json\/wp\/v2\/pages\/3107\/revisions\/3198"}],"wp:featuredmedia":[{"embeddable":true,"href":"https:\/\/profiloplast.pl\/de\/wp-json\/wp\/v2\/media\/2827"}],"wp:attachment":[{"href":"https:\/\/profiloplast.pl\/de\/wp-json\/wp\/v2\/media?parent=3107"}],"curies":[{"name":"wp","href":"https:\/\/api.w.org\/{rel}","templated":true}]}}