{"id":3105,"date":"2022-09-15T14:35:13","date_gmt":"2022-09-15T14:35:13","guid":{"rendered":"https:\/\/profiloplast.pl\/veka-softline-76-md\/"},"modified":"2025-06-13T06:41:55","modified_gmt":"2025-06-13T06:41:55","slug":"veka-softline-76-md","status":"publish","type":"page","link":"https:\/\/profiloplast.pl\/de\/veka-softline-76-md\/","title":{"rendered":"VEKA Softline 76 MD de"},"content":{"rendered":"<p>[vc_row full_width=&#8220;stretch_row&#8220; equal_height=&#8220;yes&#8220; css=&#8220;.vc_custom_1663251239978{margin-bottom: 0px !important;padding-top: 10px !important;padding-bottom: 0px !important;background-color: #f7f7f7 !important;}&#8220;][vc_column css=&#8220;.vc_custom_1663251175927{margin-bottom: 0px !important;}&#8220;][vc_column_text css=&#8220;.vc_custom_1663252537324{margin-bottom: 0px !important;padding-top: 5px !important;padding-bottom: 5px !important;}&#8220;]<\/p>\n<h2 style=\"text-align: left;\">Softline 76 MD<\/h2>\n<p>[\/vc_column_text][\/vc_column][\/vc_row][vc_row full_width=&#8220;stretch_row&#8220; equal_height=&#8220;yes&#8220; css=&#8220;.vc_custom_1663251221485{margin-top: -10px !important;padding-top: 0px !important;padding-bottom: 60px !important;background-color: #f7f7f7 !important;}&#8220;][vc_column width=&#8220;1\/3&#8243; css=&#8220;.vc_custom_1659965656176{margin-bottom: 0px !important;}&#8220;][vc_single_image image=&#8220;2914&#8243; img_size=&#8220;full&#8220; alignment=&#8220;center&#8220; onclick=&#8220;link_image&#8220; css=&#8220;.vc_custom_1749796910398{margin-bottom: 10px !important;padding-bottom: 5px !important;}&#8220;][\/vc_column][vc_column width=&#8220;2\/3&#8243; css=&#8220;.vc_custom_1659965662183{margin-bottom: 0px !important;}&#8220;][vc_tta_tour shape=&#8220;square&#8220; gap=&#8220;1&#8243; active_section=&#8220;1&#8243; no_fill_content_area=&#8220;true&#8220;][vc_tta_section title=&#8220;Energieeffizienz&#8220; tab_id=&#8220;1661871244065-b1605bbf-c157&#8243;][vc_column_text css=&#8220;.vc_custom_1678972303885{margin-bottom: 0px !important;padding-bottom: 5px !important;}&#8220;]Softline 76 MD \u2013 Profile helfen Heizungskosten senken. Sie sch\u00fctzen vor K\u00e4lte, L\u00e4rm und Feuchtigkeit.<\/p>\n<p>Softline 76 MD \u2013 Profile haben 76 mm Basis-Bautiefe. Das hat jedoch keinen negativen Einflu\u00df auf Energieeffizienz.<br \/>\nBei Verwendung eines Verglasungspakets mit einem Ug-Wert von 0,5 wird das Fenster einen U-Wert von 0,82 W\/m\u00b2K haben.<br \/>\n[\/vc_column_text][\/vc_tta_section][vc_tta_section title=&#8220;Klasse A&#8220; tab_id=&#8220;1661871244095-8b36626b-65e0&#8243;][vc_column_text css=&#8220;.vc_custom_1678972325762{margin-bottom: 0px !important;padding-bottom: 5px !important;}&#8220;]<\/p>\n<p lang=\"de-DE\">Klasse-A-Profil nach DIN EN 12608 mit einer Au\u00dfenwanddicke von 3 mm (Toleranz +- 0,2 mm).<\/p>\n<p>[\/vc_column_text][\/vc_tta_section][vc_tta_section title=&#8220;Anzahl der Kammern&#8220; tab_id=&#8220;1661871244127-41435e7e-66e2&#8243;][vc_column_text]Softline 76 MD \u2013 Profile haben eine Mehrkammer- Konstruktion.<br \/>\nIm Blendrahmen gibt es 5 Kammern und im Fl\u00fcgel auch 5 Kammern.[\/vc_column_text][\/vc_tta_section][vc_tta_section title=&#8220;H\u00f6he des Profils&#8220; tab_id=&#8220;1661871244172-bc72d5e4-e3e6&#8243;][vc_column_text]Die Zusammensetzung von Blendrahmen und Fl\u00fcgel hat Abmessungen ab 122 mm. Es kann bei gro\u00dfen Konstruktionen, besonderen statischen Anforderungen, besonderer Lage des Geb\u00e4udes und daraus folgender Notwendigkeit der Auswahl geeigneter Profile anders sein.[\/vc_column_text][\/vc_tta_section][vc_tta_section title=&#8220;Verglasung&#8220; tab_id=&#8220;1661871244204-501a6315-2191&#8243;][vc_column_text]Softline 76 MD \u2013 Profile sind f\u00fcr zweifach und dreifach verglaste Pakete geeignet. Die Verglasungsst\u00e4rken k\u00f6nnen zwischen 18 und 48 mm betragen. [\/vc_column_text][\/vc_tta_section][vc_tta_section title=&#8220;Dichtungen&#8220; tab_id=&#8220;1661871244233-7235cfca-fbeb&#8220;][vc_column_text]Au\u00dfer den zwei au\u00dfenliegenden Anschlagdichtungen gibt es eine Mitteldichtung, die die akustischen und thermischen Schutzparameter verbessert. [\/vc_column_text][\/vc_tta_section][vc_tta_section title=&#8220;Beschl\u00e4ge&#8220; tab_id=&#8220;1661871244265-26c72b30-2dfa&#8220;][vc_column_text]Es gibt die M\u00f6glichkeit, beliebige auch einbruchhemmende Beschl\u00e4ge<br \/>\neinzubauen.[\/vc_column_text][\/vc_tta_section][vc_tta_section title=&#8220;Design&#8220; tab_id=&#8220;1661871244293-f57f9eab-37cd&#8220;][vc_column_text]Fenster in klassischem Wei\u00df oder in einer gro\u00dfen Auswahl an Farben und Holzdekoren f\u00fcr jeden Stil.<br \/>\n[\/vc_column_text][\/vc_tta_section][vc_tta_section title=&#8220;Zubeh\u00f6r&#8220; tab_id=&#8220;1661871244324-68dba0e5-daf7&#8243;][vc_row_inner][vc_column_inner][vc_column_text]Erh\u00e4ltlich sind: Fensterb\u00e4nke, Fensterbankanschlussprofile, Rollladenk\u00e4sten, Kopplungen, Rahmenverbreiterungen usw.[\/vc_column_text][\/vc_column_inner][\/vc_row_inner][\/vc_tta_section][\/vc_tta_tour][\/vc_column][\/vc_row]<\/p>\n","protected":false},"excerpt":{"rendered":"<p>[vc_row full_width=&#8220;stretch_row&#8220; equal_height=&#8220;yes&#8220; css=&#8220;.vc_custom_1663251239978{margin-bottom: 0px !important;padding-top: 10px !important;padding-bottom: 0px !important;background-color: #f7f7f7 !important;}&#8220;][vc_column css=&#8220;.vc_custom_1663251175927{margin-bottom: 0px !important;}&#8220;][vc_column_text css=&#8220;.vc_custom_1663252537324{margin-bottom: 0px !important;padding-top: 5px !important;padding-bottom: 5px !important;}&#8220;] Softline 76 MD [\/vc_column_text][\/vc_column][\/vc_row][vc_row full_width=&#8220;stretch_row&#8220; equal_height=&#8220;yes&#8220; css=&#8220;.vc_custom_1663251221485{margin-top: -10px !important;padding-top: 0px !important;padding-bottom: 60px !important;background-color: #f7f7f7 !important;}&#8220;][vc_column width=&#8220;1\/3&#8243; css=&#8220;.vc_custom_1659965656176{margin-bottom: 0px !important;}&#8220;][vc_single_image image=&#8220;2914&#8243; img_size=&#8220;full&#8220; alignment=&#8220;center&#8220; onclick=&#8220;link_image&#8220; css=&#8220;.vc_custom_1749796910398{margin-bottom: 10px !important;padding-bottom: 5px !important;}&#8220;][\/vc_column][vc_column width=&#8220;2\/3&#8243; css=&#8220;.vc_custom_1659965662183{margin-bottom: 0px !important;}&#8220;][vc_tta_tour shape=&#8220;square&#8220;&hellip;<\/p>\n","protected":false},"author":1,"featured_media":2827,"parent":0,"menu_order":0,"comment_status":"closed","ping_status":"open","template":"","meta":{"footnotes":""},"class_list":["post-3105","page","type-page","status-publish","has-post-thumbnail","hentry","description-off"],"_links":{"self":[{"href":"https:\/\/profiloplast.pl\/de\/wp-json\/wp\/v2\/pages\/3105","targetHints":{"allow":["GET"]}}],"collection":[{"href":"https:\/\/profiloplast.pl\/de\/wp-json\/wp\/v2\/pages"}],"about":[{"href":"https:\/\/profiloplast.pl\/de\/wp-json\/wp\/v2\/types\/page"}],"author":[{"embeddable":true,"href":"https:\/\/profiloplast.pl\/de\/wp-json\/wp\/v2\/users\/1"}],"replies":[{"embeddable":true,"href":"https:\/\/profiloplast.pl\/de\/wp-json\/wp\/v2\/comments?post=3105"}],"version-history":[{"count":5,"href":"https:\/\/profiloplast.pl\/de\/wp-json\/wp\/v2\/pages\/3105\/revisions"}],"predecessor-version":[{"id":3735,"href":"https:\/\/profiloplast.pl\/de\/wp-json\/wp\/v2\/pages\/3105\/revisions\/3735"}],"wp:featuredmedia":[{"embeddable":true,"href":"https:\/\/profiloplast.pl\/de\/wp-json\/wp\/v2\/media\/2827"}],"wp:attachment":[{"href":"https:\/\/profiloplast.pl\/de\/wp-json\/wp\/v2\/media?parent=3105"}],"curies":[{"name":"wp","href":"https:\/\/api.w.org\/{rel}","templated":true}]}}