{"id":3101,"date":"2022-09-15T14:41:37","date_gmt":"2022-09-15T14:41:37","guid":{"rendered":"https:\/\/profiloplast.pl\/veka-perfectline-rondoline-70\/"},"modified":"2025-06-13T06:43:50","modified_gmt":"2025-06-13T06:43:50","slug":"veka-perfectline-rondoline-70","status":"publish","type":"page","link":"https:\/\/profiloplast.pl\/de\/veka-perfectline-rondoline-70\/","title":{"rendered":"VEKA Perfectline Rondoline 70 de"},"content":{"rendered":"<p>[vc_row full_width=&#8220;stretch_row&#8220; equal_height=&#8220;yes&#8220; css=&#8220;.vc_custom_1663251239978{margin-bottom: 0px !important;padding-top: 10px !important;padding-bottom: 0px !important;background-color: #f7f7f7 !important;}&#8220;][vc_column css=&#8220;.vc_custom_1663251175927{margin-bottom: 0px !important;}&#8220;][vc_column_text css=&#8220;.vc_custom_1663252891922{margin-bottom: 0px !important;padding-top: 5px !important;padding-bottom: 5px !important;}&#8220;]<\/p>\n<h2>Perfectline Rondoline 70<\/h2>\n<p>[\/vc_column_text][\/vc_column][\/vc_row][vc_row full_width=&#8220;stretch_row&#8220; equal_height=&#8220;yes&#8220; css=&#8220;.vc_custom_1663251221485{margin-top: -10px !important;padding-top: 0px !important;padding-bottom: 60px !important;background-color: #f7f7f7 !important;}&#8220;][vc_column width=&#8220;1\/3&#8243; css=&#8220;.vc_custom_1659965656176{margin-bottom: 0px !important;}&#8220;][vc_single_image image=&#8220;2920&#8243; img_size=&#8220;full&#8220; alignment=&#8220;center&#8220; onclick=&#8220;link_image&#8220; css=&#8220;.vc_custom_1749797013813{margin-bottom: 10px !important;padding-bottom: 5px !important;}&#8220;][\/vc_column][vc_column width=&#8220;2\/3&#8243; css=&#8220;.vc_custom_1659965662183{margin-bottom: 0px !important;}&#8220;][vc_tta_tour shape=&#8220;square&#8220; gap=&#8220;1&#8243; active_section=&#8220;1&#8243; no_fill_content_area=&#8220;true&#8220;][vc_tta_section title=&#8220;Energieeffizienz&#8220; tab_id=&#8220;1661871244065-b1605bbf-c157&#8243;][vc_column_text css=&#8220;.vc_custom_1678972795577{margin-bottom: 0px !important;padding-bottom: 5px !important;}&#8220;]<span lang=\"de-DE\">Perfectline 70 AD \u2013 <\/span><span lang=\"de-DE\">Profile, die mit einem Verglasungspaket mit einem W\u00e4rmedurchgangskoeffizienten von 1,0 W\/m\u00b2K ausgestattet sind, erm\u00f6glichen die Konstruktion von Fenstern mit Uw= 1,2 W\/m\u00b2K. <\/span><\/p>\n<p lang=\"de-DE\">Wenn die Doppelverglasung noch bessere W\u00e4rmed\u00e4mmeigenschaften hat, kann der U-Wert des gesamten Fensters unter 1,0 W\/m\u00b2K liegen.<\/p>\n<p>[\/vc_column_text][\/vc_tta_section][vc_tta_section title=&#8220;Klasse A&#8220; tab_id=&#8220;1661871244095-8b36626b-65e0&#8243;][vc_column_text css=&#8220;.vc_custom_1678972825487{margin-bottom: 0px !important;padding-bottom: 5px !important;}&#8220;]Klasse-A-Profil nach DIN EN 12608 mit einer Au\u00dfenwanddicke von 3 mm (Toleranz +- 0,2 mm).[\/vc_column_text][\/vc_tta_section][vc_tta_section title=&#8220;Anzahl der Kammern&#8220; tab_id=&#8220;1661871244127-41435e7e-66e2&#8243;][vc_column_text]Perfectline 70 AD \u2013 Profile haben eine Mehrkammer- Konstruktion.<br \/>\nDie 5 Kammern haben sowohl Blendrahmenprofile als auch die meisten Fl\u00fcgel.[\/vc_column_text][\/vc_tta_section][vc_tta_section title=&#8220;H\u00f6he des Profils&#8220; tab_id=&#8220;1661871244172-bc72d5e4-e3e6&#8243;][vc_column_text]Die Zusammensetzung von Blendrahmen und Fl\u00fcgel hat Abmessungen 118 mm. [\/vc_column_text][\/vc_tta_section][vc_tta_section title=&#8220;Verglasung&#8220; tab_id=&#8220;1661871244204-501a6315-2191&#8243;][vc_column_text]Perfectline 70 AD \u2013 Profile sind f\u00fcr zweifach und dreifach verglaste Pakete geeignet. Die Verglasungsst\u00e4rken k\u00f6nnen zwischen 6 und 42 mm betragen. Bei der Verwendung eines zus\u00e4tzlichen Elements sogar bis 49 mm.<\/p>\n<p>Mit dem richtigen Verglasungspaket und fachgerechter Montage erf\u00fcllen Fenster mit Perfectline-Profilen die Anforderungen der Schallschutzklasse 6 (Schalld\u00e4mmung bis 50 dB). Daher funktionieren sie gut in Geb\u00e4uden, die sich beispielsweise in der N\u00e4he von Schnellstra\u00dfen befinden.<br \/>\nDie Einbautiefe der Verglasungseinheit in den Profilen betr\u00e4gt 21 mm, wodurch die Fenster weniger tauanf\u00e4llig sind. Sie sind auch schwieriger zu \u00fcberqueren.[\/vc_column_text][\/vc_tta_section][vc_tta_section title=&#8220;Dichtungen&#8220; tab_id=&#8220;1661871244233-7235cfca-fbeb&#8220;][vc_column_text]Das Anschlagdichtungs-System mit zwei Dichtungsebenen (an der Innen- und an der Au\u00dfenseite des Fensters) h\u00e4lt zuverl\u00e4ssig K\u00e4lte, Zugluft und Feuchtigkeit ab.Dichtungen sind in Schwarz, Grau oder Karamell erh\u00e4ltlich (abh\u00e4ngig von der Fensterfarbe).[\/vc_column_text][\/vc_tta_section][vc_tta_section title=&#8220;Beschl\u00e4ge&#8220; tab_id=&#8220;1661871244265-26c72b30-2dfa&#8220;][vc_column_text]<\/p>\n<p lang=\"de-DE\">Es gibt die M\u00f6glichkeit, beliebige auch einbruchhemmende Beschl\u00e4ge einzubauen.<\/p>\n<p>[\/vc_column_text][\/vc_tta_section][vc_tta_section title=&#8220;Design&#8220; tab_id=&#8220;1661871244293-f57f9eab-37cd&#8220;][vc_column_text]Bei der Variante Perfectline Oval sind Fl\u00fcgel und Blendrahmen halbb\u00fcndig, der Fl\u00fcgel hat stark abgerundete Kanten und der Blendrahmen ist leicht gerundet.<\/p>\n<p>Fenster in klassischem Wei\u00df oder in einer gro\u00dfen Auswahl an Farben und Holzdekoren f\u00fcr jeden Stil.<\/p>\n<p>Perfectline-Profile k\u00f6nnen in den sogenannten eingef\u00e4rbt werden Koextrusion. Die Au\u00dfenwand des Profils, auf die die Folie geklebt wird, besteht aus durchgef\u00e4rbtem Kunststoff in einer Farbe \u00e4hnlich der Farbe der Folie. Dadurch sind Kratzer und mechanische Besch\u00e4digungen weniger sichtbar.[\/vc_column_text][\/vc_tta_section][vc_tta_section title=&#8220;Zubeh\u00f6r&#8220; tab_id=&#8220;1661871244324-68dba0e5-daf7&#8243;][vc_row_inner][vc_column_inner][vc_column_text]Erh\u00e4ltlich sind: Fensterb\u00e4nke, Fensterbankanschlussprofile, Rollladenk\u00e4sten, Kopplungen, Rahmenverbreiterungen usw.[\/vc_column_text][\/vc_column_inner][\/vc_row_inner][\/vc_tta_section][\/vc_tta_tour][\/vc_column][\/vc_row]<\/p>\n","protected":false},"excerpt":{"rendered":"<p>[vc_row full_width=&#8220;stretch_row&#8220; equal_height=&#8220;yes&#8220; css=&#8220;.vc_custom_1663251239978{margin-bottom: 0px !important;padding-top: 10px !important;padding-bottom: 0px !important;background-color: #f7f7f7 !important;}&#8220;][vc_column css=&#8220;.vc_custom_1663251175927{margin-bottom: 0px !important;}&#8220;][vc_column_text css=&#8220;.vc_custom_1663252891922{margin-bottom: 0px !important;padding-top: 5px !important;padding-bottom: 5px !important;}&#8220;] Perfectline Rondoline 70 [\/vc_column_text][\/vc_column][\/vc_row][vc_row full_width=&#8220;stretch_row&#8220; equal_height=&#8220;yes&#8220; css=&#8220;.vc_custom_1663251221485{margin-top: -10px !important;padding-top: 0px !important;padding-bottom: 60px !important;background-color: #f7f7f7 !important;}&#8220;][vc_column width=&#8220;1\/3&#8243; css=&#8220;.vc_custom_1659965656176{margin-bottom: 0px !important;}&#8220;][vc_single_image image=&#8220;2920&#8243; img_size=&#8220;full&#8220; alignment=&#8220;center&#8220; onclick=&#8220;link_image&#8220; css=&#8220;.vc_custom_1749797013813{margin-bottom: 10px !important;padding-bottom: 5px !important;}&#8220;][\/vc_column][vc_column width=&#8220;2\/3&#8243; css=&#8220;.vc_custom_1659965662183{margin-bottom: 0px !important;}&#8220;][vc_tta_tour shape=&#8220;square&#8220;&hellip;<\/p>\n","protected":false},"author":1,"featured_media":2827,"parent":0,"menu_order":0,"comment_status":"closed","ping_status":"open","template":"","meta":{"footnotes":""},"class_list":["post-3101","page","type-page","status-publish","has-post-thumbnail","hentry","description-off"],"_links":{"self":[{"href":"https:\/\/profiloplast.pl\/de\/wp-json\/wp\/v2\/pages\/3101","targetHints":{"allow":["GET"]}}],"collection":[{"href":"https:\/\/profiloplast.pl\/de\/wp-json\/wp\/v2\/pages"}],"about":[{"href":"https:\/\/profiloplast.pl\/de\/wp-json\/wp\/v2\/types\/page"}],"author":[{"embeddable":true,"href":"https:\/\/profiloplast.pl\/de\/wp-json\/wp\/v2\/users\/1"}],"replies":[{"embeddable":true,"href":"https:\/\/profiloplast.pl\/de\/wp-json\/wp\/v2\/comments?post=3101"}],"version-history":[{"count":5,"href":"https:\/\/profiloplast.pl\/de\/wp-json\/wp\/v2\/pages\/3101\/revisions"}],"predecessor-version":[{"id":3737,"href":"https:\/\/profiloplast.pl\/de\/wp-json\/wp\/v2\/pages\/3101\/revisions\/3737"}],"wp:featuredmedia":[{"embeddable":true,"href":"https:\/\/profiloplast.pl\/de\/wp-json\/wp\/v2\/media\/2827"}],"wp:attachment":[{"href":"https:\/\/profiloplast.pl\/de\/wp-json\/wp\/v2\/media?parent=3101"}],"curies":[{"name":"wp","href":"https:\/\/api.w.org\/{rel}","templated":true}]}}