{"id":3078,"date":"2022-11-09T14:31:25","date_gmt":"2022-11-09T14:31:25","guid":{"rendered":"https:\/\/profiloplast.pl\/partnerzy\/"},"modified":"2023-03-17T08:15:44","modified_gmt":"2023-03-17T08:15:44","slug":"partnerzy","status":"publish","type":"page","link":"https:\/\/profiloplast.pl\/de\/partnerzy\/","title":{"rendered":"Partnerzy de"},"content":{"rendered":"<p>[vc_row full_width=&#8220;stretch_row_content&#8220; equal_height=&#8220;yes&#8220;][vc_column width=&#8220;1\/2&#8243; css=&#8220;.vc_custom_1668004928854{padding-top: 120px !important;padding-right: 50px !important;padding-bottom: 120px !important;padding-left: 50px !important;}&#8220;][vc_column_text css=&#8220;.vc_custom_1679040710343{margin-top: 11px !important;margin-bottom: 11px !important;padding-top: 5px !important;padding-bottom: 5px !important;}&#8220; el_class=&#8220;hasblok&#8220;]<\/p>\n<h2 style=\"text-align: left;\">Zusammenarbeit mit Partnern<\/h2>\n<p>[\/vc_column_text][vc_column_text]Wir nehmen gern eine Zusammenarbeit mit Firmen auf, die Fenster verkaufen und einbauen, die moderne Produkte und stabilen Fensterhersteller mit langj\u00e4hriger Erfahrung suchen. Stammkunden und Partnern bieten wir attraktive Rabatte und kurze Realisierungsfristen.[\/vc_column_text][\/vc_column][vc_column width=&#8220;1\/2&#8243; css=&#8220;.vc_custom_1671540591062{background-image: url(https:\/\/profiloplast.pl\/wp-content\/uploads\/2022\/12\/wspolpraca-okna-pvc-1500.jpg?id=2822) !important;background-position: center !important;background-repeat: no-repeat !important;background-size: cover !important;}&#8220; el_class=&#8220;obrazwtle&#8220;][\/vc_column][\/vc_row][vc_row full_width=&#8220;stretch_row_content&#8220; equal_height=&#8220;yes&#8220; css=&#8220;.vc_custom_1664368819630{margin-bottom: 0px !important;padding-bottom: 0px !important;}&#8220;][vc_column width=&#8220;1\/2&#8243; el_class=&#8220;vc_col-sm-push-6&#8243; css=&#8220;.vc_custom_1668004935488{padding-top: 120px !important;padding-right: 50px !important;padding-bottom: 120px !important;padding-left: 50px !important;}&#8220;][vc_column_text css=&#8220;.vc_custom_1679040792039{margin-top: 11px !important;margin-bottom: 11px !important;padding-top: 5px !important;padding-bottom: 5px !important;}&#8220; el_class=&#8220;hasblok&#8220;]<\/p>\n<h2 style=\"text-align: left;\">G\u00fcnstige Bedingungen f\u00fcr die Zusammenarbeit, Flexibilit\u00e4t<\/h2>\n<p>[\/vc_column_text][vc_column_text]Wir bieten flexible, individuelle Bedingungen f\u00fcr die Zusammenarbeit.<br \/>\nWir gew\u00e4hrleisten hohe Qualit\u00e4t unserer Produkte.<\/p>\n<p>Sind Sie an unseren Produkten interessiert, wenden Sie sich an uns. Die Einzelheiten f\u00fcr unsere Zusammenarbeit besprechen wir beim Gespr\u00e4ch.[\/vc_column_text][\/vc_column][vc_column width=&#8220;1\/2&#8243; css=&#8220;.vc_custom_1671540596178{background-image: url(https:\/\/profiloplast.pl\/wp-content\/uploads\/2022\/12\/partner-reseller-okna-pvc-1500.jpg?id=2823) !important;background-position: center !important;background-repeat: no-repeat !important;background-size: cover !important;}&#8220; el_class=&#8220;vc_col-sm-pull-6 obrazwtle&#8220;][\/vc_column][\/vc_row]<\/p>\n","protected":false},"excerpt":{"rendered":"<p>[vc_row full_width=&#8220;stretch_row_content&#8220; equal_height=&#8220;yes&#8220;][vc_column width=&#8220;1\/2&#8243; css=&#8220;.vc_custom_1668004928854{padding-top: 120px !important;padding-right: 50px !important;padding-bottom: 120px !important;padding-left: 50px !important;}&#8220;][vc_column_text css=&#8220;.vc_custom_1679040710343{margin-top: 11px !important;margin-bottom: 11px !important;padding-top: 5px !important;padding-bottom: 5px !important;}&#8220; el_class=&#8220;hasblok&#8220;] Zusammenarbeit mit Partnern [\/vc_column_text][vc_column_text]Wir nehmen gern eine Zusammenarbeit mit Firmen auf, die Fenster verkaufen und einbauen, die moderne Produkte und stabilen Fensterhersteller mit langj\u00e4hriger Erfahrung suchen. Stammkunden und Partnern bieten wir attraktive&hellip;<\/p>\n","protected":false},"author":1,"featured_media":0,"parent":0,"menu_order":0,"comment_status":"closed","ping_status":"open","template":"","meta":{"footnotes":""},"class_list":["post-3078","page","type-page","status-publish","hentry","description-off"],"_links":{"self":[{"href":"https:\/\/profiloplast.pl\/de\/wp-json\/wp\/v2\/pages\/3078","targetHints":{"allow":["GET"]}}],"collection":[{"href":"https:\/\/profiloplast.pl\/de\/wp-json\/wp\/v2\/pages"}],"about":[{"href":"https:\/\/profiloplast.pl\/de\/wp-json\/wp\/v2\/types\/page"}],"author":[{"embeddable":true,"href":"https:\/\/profiloplast.pl\/de\/wp-json\/wp\/v2\/users\/1"}],"replies":[{"embeddable":true,"href":"https:\/\/profiloplast.pl\/de\/wp-json\/wp\/v2\/comments?post=3078"}],"version-history":[{"count":6,"href":"https:\/\/profiloplast.pl\/de\/wp-json\/wp\/v2\/pages\/3078\/revisions"}],"predecessor-version":[{"id":3210,"href":"https:\/\/profiloplast.pl\/de\/wp-json\/wp\/v2\/pages\/3078\/revisions\/3210"}],"wp:attachment":[{"href":"https:\/\/profiloplast.pl\/de\/wp-json\/wp\/v2\/media?parent=3078"}],"curies":[{"name":"wp","href":"https:\/\/api.w.org\/{rel}","templated":true}]}}