{"id":3077,"date":"2022-07-04T08:10:04","date_gmt":"2022-07-04T08:10:04","guid":{"rendered":"https:\/\/profiloplast.pl\/polityka-prywatnosci\/"},"modified":"2024-02-16T16:14:46","modified_gmt":"2024-02-16T16:14:46","slug":"datenschutz","status":"publish","type":"page","link":"https:\/\/profiloplast.pl\/de\/datenschutz\/","title":{"rendered":"Polityka prywatno\u015bci de"},"content":{"rendered":"<p>[vc_row css=&#8220;.vc_custom_1670845256658{padding-top: 60px !important;}&#8220;][vc_column][vc_column_text el_class=&#8220;hasblok&#8220;]<\/p>\n<h2 style=\"text-align: left;\">Datenschutz<\/h2>\n<p>[\/vc_column_text][vc_column_text]Gem\u00e4\u00df Art. 13 Verordnung (EU) vom 27. April 2016 zum Datenschutz geben wir bekannt:<\/p>\n<ol>\n<li>Der f\u00fcr die Verarbeitung personenbezogener Daten (Kontaktformular \/ Vertrag) Verantwortliche ist <span style=\"font-family: Arial;\">PROFILOPLAST \u2013 GRUPA G\u00d3RCZAK SP\u00d3\u0141KA KOMANDYTOWA<\/span> und PROFILOPLAST SP\u00d3\u0141KA Z OGRANICZON\u0104 ODPOWIEDZIALNO\u015aCI\u0104, mit Sitz in Wilkowice unter der Anschrift ul. Lipowa 83, 64-115 \u015awi\u0119ciechowa, weiter \u201eVerantwortlicher\u201c genannt. Kontaktdaten:<br \/>\nE-Mail-Adresse: poczta@profiloplast.pl \/ Telefonnummer: 65 534 91 00<\/li>\n<li>Der Rechtsgrund f\u00fcr die Verarbeitung Ihrer personenbezogenen Daten ist die Realisierung des Vertrags zwischen Ihnen und dem Verantwortlichen, weiter \u201eVertrag\u201c genannt, f\u00fcr den die Verarbeitung Ihrer personenbezogenen Daten notwendig ist.<\/li>\n<li>Ihre personenbezogenen Daten werden ausschlie\u00dflich im Rahmen des Vertrags verarbeitet.<\/li>\n<li>Angeben Ihrer personenbezogenen Daten ist nicht erforderlich, jedoch ohne Ihre personenbezogenen Daten ist es nicht m\u00f6glich, einen Vertrag zu schlie\u00dfen.<\/li>\n<li>Ihre personenbezogenen Daten werden nicht l\u00e4nger als notwendig aufbewahrt, d.h.<\/li>\n<li>Der Verantwortliche kann w\u00e4hrend der Realisierung Ihres Vertrags Ihre personenbezogenen Daten Unterauftragnehmern, Kundendiensttechnikern und Monteuren \u00fcbermitteln.<\/li>\n<li>Der Verantwortliche beabsichtigt nicht Ihre personenbezogenen Daten dem anderen Land und internationalen Organisationen zu \u00fcbermitteln.<\/li>\n<li>Sie haben das Recht, Zugang zu Ihren personenbezogenen Daten zu fordern, sie zu \u00e4ndern und sie zu l\u00f6schen.<\/li>\n<li>Sie haben das Recht, sich bei einer Datenschutz-Aufsichtsbeh\u00f6rde \u00fcber die Verarbeitung Ihrer personenbezogenen Daten durch uns zu beschweren.<\/li>\n<li>Auf der Grundlage Ihrer personenbezogenen Daten trifft der Administrator keine automatisierten Entscheidungen Ihnen gegen\u00fcber, einschlie\u00dflich Entscheidungen, die sich aus der Profilerstellung* ergeben..<\/li>\n<\/ol>\n<p>* Profiling ist jede Art der automatisierten Verarbeitung personenbezogener Daten, die darin besteht, dass personenbezogene Daten verwendet werden, um bestimmte pers\u00f6nliche Aspekte einer nat\u00fcrlichen Person zu bewerten, insbesondere, um Aspekte bez\u00fcglich Arbeit, wirtschaftlicher Lage, Gesundheit, pers\u00f6nlicher Vorlieben, Interessen, Glaubw\u00fcrdigkeit, Verhalten, Standort oder Bewegung.[\/vc_column_text][\/vc_column][\/vc_row]<\/p>\n","protected":false},"excerpt":{"rendered":"<p>[vc_row css=&#8220;.vc_custom_1670845256658{padding-top: 60px !important;}&#8220;][vc_column][vc_column_text el_class=&#8220;hasblok&#8220;] Datenschutz [\/vc_column_text][vc_column_text]Gem\u00e4\u00df Art. 13 Verordnung (EU) vom 27. April 2016 zum Datenschutz geben wir bekannt: Der f\u00fcr die Verarbeitung personenbezogener Daten (Kontaktformular \/ Vertrag) Verantwortliche ist PROFILOPLAST \u2013 GRUPA G\u00d3RCZAK SP\u00d3\u0141KA KOMANDYTOWA und PROFILOPLAST SP\u00d3\u0141KA Z OGRANICZON\u0104 ODPOWIEDZIALNO\u015aCI\u0104, mit Sitz in Wilkowice unter der Anschrift ul. Lipowa 83, 64-115 \u015awi\u0119ciechowa,&hellip;<\/p>\n","protected":false},"author":1,"featured_media":0,"parent":0,"menu_order":0,"comment_status":"closed","ping_status":"open","template":"","meta":{"footnotes":""},"class_list":["post-3077","page","type-page","status-publish","hentry","description-off"],"_links":{"self":[{"href":"https:\/\/profiloplast.pl\/de\/wp-json\/wp\/v2\/pages\/3077","targetHints":{"allow":["GET"]}}],"collection":[{"href":"https:\/\/profiloplast.pl\/de\/wp-json\/wp\/v2\/pages"}],"about":[{"href":"https:\/\/profiloplast.pl\/de\/wp-json\/wp\/v2\/types\/page"}],"author":[{"embeddable":true,"href":"https:\/\/profiloplast.pl\/de\/wp-json\/wp\/v2\/users\/1"}],"replies":[{"embeddable":true,"href":"https:\/\/profiloplast.pl\/de\/wp-json\/wp\/v2\/comments?post=3077"}],"version-history":[{"count":8,"href":"https:\/\/profiloplast.pl\/de\/wp-json\/wp\/v2\/pages\/3077\/revisions"}],"predecessor-version":[{"id":3335,"href":"https:\/\/profiloplast.pl\/de\/wp-json\/wp\/v2\/pages\/3077\/revisions\/3335"}],"wp:attachment":[{"href":"https:\/\/profiloplast.pl\/de\/wp-json\/wp\/v2\/media?parent=3077"}],"curies":[{"name":"wp","href":"https:\/\/api.w.org\/{rel}","templated":true}]}}