{"id":3067,"date":"2022-10-07T10:27:04","date_gmt":"2022-10-07T10:27:04","guid":{"rendered":"https:\/\/profiloplast.pl\/elementy-dodatkowe\/"},"modified":"2025-06-13T06:49:06","modified_gmt":"2025-06-13T06:49:06","slug":"zusatzelemente-fuer-fenster","status":"publish","type":"page","link":"https:\/\/profiloplast.pl\/de\/zusatzelemente-fuer-fenster\/","title":{"rendered":"Elementy dodatkowe de"},"content":{"rendered":"<p>[vc_row css=&#8220;.vc_custom_1656933783240{margin-top: 0px !important;padding-top: 0px !important;}&#8220;][vc_column]\n\t\t\t<!-- START DE dodatki do stolarki okiennej REVOLUTION SLIDER 6.5.19 --><p class=\"rs-p-wp-fix\"><\/p>\n\t\t\t<rs-module-wrap id=\"rev_slider_22_1_wrapper\" data-source=\"gallery\" style=\"visibility:hidden;background:transparent;padding:0;margin:0px auto;margin-top:0;margin-bottom:0;\">\n\t\t\t\t<rs-module id=\"rev_slider_22_1\" style=\"\" data-version=\"6.5.19\">\n\t\t\t\t\t<rs-slides>\n\t\t\t\t\t\t<rs-slide style=\"position: absolute;\" data-key=\"rs-59\" data-title=\"Slide\" data-in=\"o:0;\" data-out=\"a:false;\">\n\t\t\t\t\t\t\t<img loading=\"lazy\" decoding=\"async\" src=\"\/\/profiloplast.pl\/wp-content\/plugins\/revslider\/public\/assets\/assets\/dummy.png\" alt=\"monta\u017c okna pvc Leszno\" width=\"1920\" height=\"1080\" class=\"rev-slidebg tp-rs-img rs-lazyload\" data-lazyload=\"\/\/profiloplast.pl\/wp-content\/uploads\/2022\/12\/okna-od-producenta-z-montazem-leszno-1920.jpg\" data-no-retina>\n<!--\t\t\t\t\t\t--><rs-zone id=\"rrzm_59\" class=\"rev_row_zone_middle\" style=\"z-index: 11;\"><!--\n\n\t\t\t\t\t\t\t\t--><rs-row\n\t\t\t\t\t\t\t\t\tid=\"slider-22-slide-59-layer-1\" \n\t\t\t\t\t\t\t\t\tdata-type=\"row\"\n\t\t\t\t\t\t\t\t\tdata-xy=\"xo:50px;yo:50px;\"\n\t\t\t\t\t\t\t\t\tdata-rsp_bd=\"off\"\n\t\t\t\t\t\t\t\t\tdata-margin=\"t:70,70,70,0;r:50,50,50,30;l:90,90,90,30;\"\n\t\t\t\t\t\t\t\t\tdata-frame_0=\"x:right;o:1;\"\n\t\t\t\t\t\t\t\t\tdata-frame_0_reverse=\"x:true;\"\n\t\t\t\t\t\t\t\t\tdata-frame_1=\"e:back.out;sp:1500;\"\n\t\t\t\t\t\t\t\t\tdata-frame_999=\"x:left;o:1;e:back.out;st:w;sp:1500;sR:8700;sA:9000;\"\n\t\t\t\t\t\t\t\t\tdata-frame_999_reverse=\"x:true;\"\n\t\t\t\t\t\t\t\t\tstyle=\"z-index:1;\"\n\t\t\t\t\t\t\t\t><!--\n\t\t\t\t\t\t\t\t\t--><rs-column\n\t\t\t\t\t\t\t\t\t\tid=\"slider-22-slide-59-layer-2\" \n\t\t\t\t\t\t\t\t\t\tdata-type=\"column\"\n\t\t\t\t\t\t\t\t\t\tdata-xy=\"xo:50px;yo:50px;\"\n\t\t\t\t\t\t\t\t\t\tdata-rsp_bd=\"off\"\n\t\t\t\t\t\t\t\t\t\tdata-column=\"w:66.67%;\"\n\t\t\t\t\t\t\t\t\t\tdata-frame_0=\"x:right;o:1;\"\n\t\t\t\t\t\t\t\t\t\tdata-frame_0_reverse=\"x:true;\"\n\t\t\t\t\t\t\t\t\t\tdata-frame_999=\"x:left;o:1;e:back.out;st:w;sp:1500;sR:8700;sA:9000;\"\n\t\t\t\t\t\t\t\t\t\tdata-frame_999_reverse=\"x:true;\"\n\t\t\t\t\t\t\t\t\t\tstyle=\"z-index:2;width:100%;\"\n\t\t\t\t\t\t\t\t\t><!--\n\t\t\t\t\t\t\t\t\t\t--><h2\n\t\t\t\t\t\t\t\t\t\t\tid=\"slider-22-slide-59-layer-3\" \n\t\t\t\t\t\t\t\t\t\t\tclass=\"rs-layer\"\n\t\t\t\t\t\t\t\t\t\t\tdata-type=\"text\"\n\t\t\t\t\t\t\t\t\t\t\tdata-tsh=\"c:#000000;v:50px,50px,50px,19px;b:50px,50px,50px,19px;\"\n\t\t\t\t\t\t\t\t\t\t\tdata-rsp_ch=\"on\"\n\t\t\t\t\t\t\t\t\t\t\tdata-text=\"w:normal;s:100,100,100,60;l:90,90,90,50;ls:-5px,-5px,-5px,-1px;fw:800;\"\n\t\t\t\t\t\t\t\t\t\t\tdata-frame_0=\"x:right;o:1;\"\n\t\t\t\t\t\t\t\t\t\t\tdata-frame_0_reverse=\"x:true;\"\n\t\t\t\t\t\t\t\t\t\t\tdata-frame_1=\"e:back.out;st:200;sp:1400;sR:200;\"\n\t\t\t\t\t\t\t\t\t\t\tdata-frame_999=\"x:left;o:1;e:back.out;st:w;sp:1500;sR:7400;\"\n\t\t\t\t\t\t\t\t\t\t\tdata-frame_999_reverse=\"x:true;\"\n\t\t\t\t\t\t\t\t\t\t\tstyle=\"z-index:3;font-family:'Poppins';text-transform:uppercase;\"\n\t\t\t\t\t\t\t\t\t\t>Zus\u00e4tzliche Elemente \n\t\t\t\t\t\t\t\t\t\t<\/h2><!--\n\n\t\t\t\t\t\t\t\t\t\t--><h2\n\t\t\t\t\t\t\t\t\t\t\tid=\"slider-22-slide-59-layer-4\" \n\t\t\t\t\t\t\t\t\t\t\tclass=\"rs-layer\"\n\t\t\t\t\t\t\t\t\t\t\tdata-type=\"text\"\n\t\t\t\t\t\t\t\t\t\t\tdata-color=\"rgba(255, 255, 255, 0.93)\"\n\t\t\t\t\t\t\t\t\t\t\tdata-rsp_ch=\"on\"\n\t\t\t\t\t\t\t\t\t\t\tdata-text=\"w:normal;s:45,45,45,30;l:60,60,60,40;ls:-1px,-1px,-1px,0px;fw:800;\"\n\t\t\t\t\t\t\t\t\t\t\tdata-margin=\"t:-5,-5,-5,-2;\"\n\t\t\t\t\t\t\t\t\t\t\tdata-frame_0=\"x:right;\"\n\t\t\t\t\t\t\t\t\t\t\tdata-frame_0_reverse=\"x:true;\"\n\t\t\t\t\t\t\t\t\t\t\tdata-frame_1=\"e:back.out;st:300;sp:1300;sR:300;\"\n\t\t\t\t\t\t\t\t\t\t\tdata-frame_999=\"x:left;o:1;e:back.out;st:w;sp:1500;sR:7400;\"\n\t\t\t\t\t\t\t\t\t\t\tdata-frame_999_reverse=\"x:true;\"\n\t\t\t\t\t\t\t\t\t\t\tstyle=\"z-index:4;font-family:'Poppins';text-transform:uppercase;\"\n\t\t\t\t\t\t\t\t\t\t>f\u00fcr Fenster \n\t\t\t\t\t\t\t\t\t\t<\/h2><!--\n\t\t\t\t\t\t\t\t\t--><\/rs-column><!--\n\n\t\t\t\t\t\t\t\t\t--><rs-column\n\t\t\t\t\t\t\t\t\t\tid=\"slider-22-slide-59-layer-6\" \n\t\t\t\t\t\t\t\t\t\tdata-type=\"column\"\n\t\t\t\t\t\t\t\t\t\tdata-xy=\"xo:50px;yo:50px;\"\n\t\t\t\t\t\t\t\t\t\tdata-vbility=\"t,t,t,f\"\n\t\t\t\t\t\t\t\t\t\tdata-rsp_bd=\"off\"\n\t\t\t\t\t\t\t\t\t\tdata-padding=\"r:0,0,0,330;\"\n\t\t\t\t\t\t\t\t\t\tdata-frame_0=\"x:right;o:1;\"\n\t\t\t\t\t\t\t\t\t\tdata-frame_0_reverse=\"x:true;\"\n\t\t\t\t\t\t\t\t\t\tdata-frame_1=\"e:back.out;st:300;sp:1300;sR:300;\"\n\t\t\t\t\t\t\t\t\t\tdata-frame_999=\"x:left;o:1;e:back.out;st:w;sp:1500;sR:7400;sA:9000;\"\n\t\t\t\t\t\t\t\t\t\tdata-frame_999_reverse=\"x:true;\"\n\t\t\t\t\t\t\t\t\t\tstyle=\"z-index:5;width:100%;\"\n\t\t\t\t\t\t\t\t\t><!--\t\t\t\t\t\t\t\t\t--><\/rs-column><!--\n\t\t\t\t\t\t\t\t--><\/rs-row><!--\n\t\t\t\t\t\t\t--><\/rs-zone><!--\n\n\t\t\t\t\t\t\t--><rs-layer\n\t\t\t\t\t\t\t\tid=\"slider-22-slide-59-layer-5\" \n\t\t\t\t\t\t\t\tclass=\"rev-btn\"\n\t\t\t\t\t\t\t\tdata-type=\"button\"\n\t\t\t\t\t\t\t\tdata-rsp_ch=\"on\"\n\t\t\t\t\t\t\t\tdata-xy=\"xo:91px,91px,91px,34px;yo:410px,410px,410px,341px;\"\n\t\t\t\t\t\t\t\tdata-text=\"w:normal;s:18,18,18,15;l:60,60,60,45;fw:800;\"\n\t\t\t\t\t\t\t\tdata-dim=\"minh:0px,0px,0px,none;\"\n\t\t\t\t\t\t\t\tdata-vbility=\"f,f,f,f\"\n\t\t\t\t\t\t\t\tdata-actions='o:click;a:scrollbelow;sp:1000ms;e:power1.inOut;'\n\t\t\t\t\t\t\t\tdata-padding=\"r:50,50,50,40;l:50,50,50,39;\"\n\t\t\t\t\t\t\t\tdata-border=\"bos:solid;boc:rgba(255,255,255,0.35);bow:1px,1px,1px,1px;\"\n\t\t\t\t\t\t\t\tdata-frame_0=\"x:right;o:1;\"\n\t\t\t\t\t\t\t\tdata-frame_0_reverse=\"x:true;\"\n\t\t\t\t\t\t\t\tdata-frame_1=\"e:back.out;sp:1500;sR:100;\"\n\t\t\t\t\t\t\t\tdata-frame_999=\"x:left;o:1;e:back.out;st:w;sp:1500;sR:7400;\"\n\t\t\t\t\t\t\t\tdata-frame_999_reverse=\"x:true;\"\n\t\t\t\t\t\t\t\tdata-frame_hover=\"bgc:rgba(0,0,0,0);boc:rgba(255,255,255,0.75);bor:50px,50px,50px,50px;bos:solid;bow:1px,1px,1px,1px;e:power1.inOut;\"\n\t\t\t\t\t\t\t\tstyle=\"z-index:13;background-color:rgba(0,0,0,0);font-family:'Poppins';text-transform:uppercase;cursor:pointer;\"\n\t\t\t\t\t\t\t>zobacz nowo\u015bci \n\t\t\t\t\t\t\t<\/rs-layer><!--\n-->\t\t\t\t\t\t<\/rs-slide>\n\t\t\t\t\t<\/rs-slides>\n\t\t\t\t<\/rs-module>\n\t\t\t\t<script>\n\t\t\t\t\tsetREVStartSize({c: 'rev_slider_22_1',rl:[1240,1240,1240,480],el:[450,450,450,580],gw:[1240,1240,1240,480],gh:[450,450,450,580],type:'standard',justify:'',layout:'fullwidth',mh:\"0\"});if (window.RS_MODULES!==undefined && window.RS_MODULES.modules!==undefined && window.RS_MODULES.modules[\"revslider221\"]!==undefined) {window.RS_MODULES.modules[\"revslider221\"].once = false;window.revapi22 = undefined;if (window.RS_MODULES.checkMinimal!==undefined) window.RS_MODULES.checkMinimal()}\n\t\t\t\t<\/script>\n\t\t\t<\/rs-module-wrap>\n\t\t\t<!-- END REVOLUTION SLIDER -->\n[\/vc_column][\/vc_row][vc_row full_width=&#8220;stretch_row&#8220; content_placement=&#8220;middle&#8220; css=&#8220;.vc_custom_1659963398952{padding-top: 60px !important;padding-bottom: 20px !important;}&#8220;][vc_column css=&#8220;.vc_custom_1640250088661{padding-bottom: 0px !important;}&#8220;][vc_column_text el_class=&#8220;hashom cap&#8220;]<\/p>\n<h1 style=\"text-align: center;\">Wir bieten eine Reihe von Zubeh\u00f6r f\u00fcr die von uns hergestellten Fenster an:<\/h1>\n<p>[\/vc_column_text][\/vc_column][\/vc_row][vc_row full_width=&#8220;stretch_row&#8220; content_placement=&#8220;middle&#8220; css=&#8220;.vc_custom_1665138584087{padding-top: 30px !important;padding-bottom: 40px !important;}&#8220;][vc_column width=&#8220;1\/3&#8243; css=&#8220;.vc_custom_1640250088661{padding-bottom: 0px !important;}&#8220;][vc_column_text]<\/p>\n<ul>\n<li>niedrige Balkont\u00fcrschwelle<\/li>\n<li>Balkont\u00fcrschn\u00e4pper<\/li>\n<li>Fehlbedienungssperre<\/li>\n<li>Secustik- Fenstergriffe<\/li>\n<li>abschlie\u00dfbare Griffe<\/li>\n<li>Verriegelungspilzk\u00f6pfe als Einbruchhemmung<\/li>\n<li>WK-2 Sonderbeschl\u00e4ge<\/li>\n<li>Scharnierkappen in Farben F-1, F-4, F-9 gro\u00dfe Auswahl an Sonderverglasungen (Ornamentglas, Spiegelglas, VSG Glas)<\/li>\n<\/ul>\n<p>[\/vc_column_text][\/vc_column][vc_column width=&#8220;1\/3&#8243; css=&#8220;.vc_custom_1665069737171{padding-right: 30px !important;padding-left: 30px !important;}&#8220;][vc_column_text]<\/p>\n<ul>\n<li>3-fach Verglasung bis 0,4 W\/ m2*K<\/li>\n<li>warme Kante<\/li>\n<li>innenliegende Sprossen 8 mm, 18 mm, 25 mm, 45 mm<\/li>\n<li>aufgeklebte Sprossen 25 mm, 40 mm, 55 mm, 76 mm<\/li>\n<li>L\u00fcftungssysteme<\/li>\n<li>Zierprofile<\/li>\n<li>Verkleidungsprofile<\/li>\n<\/ul>\n<p>[\/vc_column_text][\/vc_column][vc_column width=&#8220;1\/3&#8243;][vc_column_text]<\/p>\n<ul>\n<li>Rahmenverbreiterungen<\/li>\n<li>Renovierungsblendrahmen<\/li>\n<li>Glasleisten<\/li>\n<li>Fensterbankanschlussleisten<\/li>\n<li>Fensterb\u00e4nke<\/li>\n<li>T\u00fcrf\u00fcllungen ADECO<\/li>\n<li>Aufsatzrolll\u00e4den, Vorbaurolll\u00e4den<\/li>\n<li>Insektenschutzsysteme<\/li>\n<li>Gragentore<\/li>\n<\/ul>\n<p>[\/vc_column_text][\/vc_column][\/vc_row]<\/p>\n","protected":false},"excerpt":{"rendered":"<p>[vc_row css=&#8220;.vc_custom_1656933783240{margin-top: 0px !important;padding-top: 0px !important;}&#8220;][vc_column][\/vc_column][\/vc_row][vc_row full_width=&#8220;stretch_row&#8220; content_placement=&#8220;middle&#8220; css=&#8220;.vc_custom_1659963398952{padding-top: 60px !important;padding-bottom: 20px !important;}&#8220;][vc_column css=&#8220;.vc_custom_1640250088661{padding-bottom: 0px !important;}&#8220;][vc_column_text el_class=&#8220;hashom cap&#8220;] Wir bieten eine Reihe von Zubeh\u00f6r f\u00fcr die von uns hergestellten Fenster an: [\/vc_column_text][\/vc_column][\/vc_row][vc_row full_width=&#8220;stretch_row&#8220; content_placement=&#8220;middle&#8220; css=&#8220;.vc_custom_1665138584087{padding-top: 30px !important;padding-bottom: 40px !important;}&#8220;][vc_column width=&#8220;1\/3&#8243; css=&#8220;.vc_custom_1640250088661{padding-bottom: 0px !important;}&#8220;][vc_column_text] niedrige Balkont\u00fcrschwelle Balkont\u00fcrschn\u00e4pper Fehlbedienungssperre Secustik- Fenstergriffe abschlie\u00dfbare Griffe Verriegelungspilzk\u00f6pfe als Einbruchhemmung WK-2&hellip;<\/p>\n","protected":false},"author":1,"featured_media":2827,"parent":0,"menu_order":0,"comment_status":"closed","ping_status":"open","template":"","meta":{"footnotes":""},"class_list":["post-3067","page","type-page","status-publish","has-post-thumbnail","hentry","description-off"],"_links":{"self":[{"href":"https:\/\/profiloplast.pl\/de\/wp-json\/wp\/v2\/pages\/3067","targetHints":{"allow":["GET"]}}],"collection":[{"href":"https:\/\/profiloplast.pl\/de\/wp-json\/wp\/v2\/pages"}],"about":[{"href":"https:\/\/profiloplast.pl\/de\/wp-json\/wp\/v2\/types\/page"}],"author":[{"embeddable":true,"href":"https:\/\/profiloplast.pl\/de\/wp-json\/wp\/v2\/users\/1"}],"replies":[{"embeddable":true,"href":"https:\/\/profiloplast.pl\/de\/wp-json\/wp\/v2\/comments?post=3067"}],"version-history":[{"count":7,"href":"https:\/\/profiloplast.pl\/de\/wp-json\/wp\/v2\/pages\/3067\/revisions"}],"predecessor-version":[{"id":3739,"href":"https:\/\/profiloplast.pl\/de\/wp-json\/wp\/v2\/pages\/3067\/revisions\/3739"}],"wp:featuredmedia":[{"embeddable":true,"href":"https:\/\/profiloplast.pl\/de\/wp-json\/wp\/v2\/media\/2827"}],"wp:attachment":[{"href":"https:\/\/profiloplast.pl\/de\/wp-json\/wp\/v2\/media?parent=3067"}],"curies":[{"name":"wp","href":"https:\/\/api.w.org\/{rel}","templated":true}]}}