{"id":3063,"date":"2022-09-26T13:59:53","date_gmt":"2022-09-26T13:59:53","guid":{"rendered":"https:\/\/profiloplast.pl\/drzwi-pvc\/"},"modified":"2025-10-21T09:57:05","modified_gmt":"2025-10-21T09:57:05","slug":"pvc-tueren","status":"publish","type":"page","link":"https:\/\/profiloplast.pl\/de\/pvc-tueren\/","title":{"rendered":"Drzwi PVC de"},"content":{"rendered":"<p>[vc_row css=&#8220;.vc_custom_1656933783240{margin-top: 0px !important;padding-top: 0px !important;}&#8220;][vc_column]\n\t\t\t<!-- START DE drzwi pvc REVOLUTION SLIDER 6.5.19 --><p class=\"rs-p-wp-fix\"><\/p>\n\t\t\t<rs-module-wrap id=\"rev_slider_19_1_wrapper\" data-source=\"gallery\" style=\"visibility:hidden;background:transparent;padding:0;margin:0px auto;margin-top:0;margin-bottom:0;\">\n\t\t\t\t<rs-module id=\"rev_slider_19_1\" style=\"\" data-version=\"6.5.19\">\n\t\t\t\t\t<rs-slides>\n\t\t\t\t\t\t<rs-slide style=\"position: absolute;\" data-key=\"rs-53\" data-title=\"Slide\" data-in=\"o:0;\" data-out=\"a:false;\">\n\t\t\t\t\t\t\t<img loading=\"lazy\" decoding=\"async\" src=\"\/\/profiloplast.pl\/wp-content\/plugins\/revslider\/public\/assets\/assets\/dummy.png\" alt=\"\" title=\"Moderne Haust\u00fcr in anthrazit\" width=\"1920\" height=\"1280\" class=\"rev-slidebg tp-rs-img rs-lazyload\" data-lazyload=\"\/\/profiloplast.pl\/wp-content\/uploads\/2022\/12\/drzwi-pvc-veka-leszno-1920b.jpg\" data-no-retina>\n<!--\t\t\t\t\t\t--><rs-zone id=\"rrzm_53\" class=\"rev_row_zone_middle\" style=\"z-index: 11;\"><!--\n\n\t\t\t\t\t\t\t\t--><rs-row\n\t\t\t\t\t\t\t\t\tid=\"slider-19-slide-53-layer-1\" \n\t\t\t\t\t\t\t\t\tdata-type=\"row\"\n\t\t\t\t\t\t\t\t\tdata-xy=\"xo:50px;yo:50px;\"\n\t\t\t\t\t\t\t\t\tdata-rsp_bd=\"off\"\n\t\t\t\t\t\t\t\t\tdata-margin=\"t:70,70,70,0;r:50,50,50,30;l:90,90,90,30;\"\n\t\t\t\t\t\t\t\t\tdata-frame_0=\"x:right;o:1;\"\n\t\t\t\t\t\t\t\t\tdata-frame_0_reverse=\"x:true;\"\n\t\t\t\t\t\t\t\t\tdata-frame_1=\"e:back.out;sp:1500;\"\n\t\t\t\t\t\t\t\t\tdata-frame_999=\"x:left;o:1;e:back.out;st:w;sp:1500;sR:8700;sA:9000;\"\n\t\t\t\t\t\t\t\t\tdata-frame_999_reverse=\"x:true;\"\n\t\t\t\t\t\t\t\t\tstyle=\"z-index:1;\"\n\t\t\t\t\t\t\t\t><!--\n\t\t\t\t\t\t\t\t\t--><rs-column\n\t\t\t\t\t\t\t\t\t\tid=\"slider-19-slide-53-layer-2\" \n\t\t\t\t\t\t\t\t\t\tdata-type=\"column\"\n\t\t\t\t\t\t\t\t\t\tdata-xy=\"xo:50px;yo:50px;\"\n\t\t\t\t\t\t\t\t\t\tdata-rsp_bd=\"off\"\n\t\t\t\t\t\t\t\t\t\tdata-column=\"w:66.67%;\"\n\t\t\t\t\t\t\t\t\t\tdata-frame_0=\"x:right;o:1;\"\n\t\t\t\t\t\t\t\t\t\tdata-frame_0_reverse=\"x:true;\"\n\t\t\t\t\t\t\t\t\t\tdata-frame_999=\"x:left;o:1;e:back.out;st:w;sp:1500;sR:8700;sA:9000;\"\n\t\t\t\t\t\t\t\t\t\tdata-frame_999_reverse=\"x:true;\"\n\t\t\t\t\t\t\t\t\t\tstyle=\"z-index:2;width:100%;\"\n\t\t\t\t\t\t\t\t\t><!--\n\t\t\t\t\t\t\t\t\t\t--><h2\n\t\t\t\t\t\t\t\t\t\t\tid=\"slider-19-slide-53-layer-3\" \n\t\t\t\t\t\t\t\t\t\t\tclass=\"rs-layer\"\n\t\t\t\t\t\t\t\t\t\t\tdata-type=\"text\"\n\t\t\t\t\t\t\t\t\t\t\tdata-tsh=\"c:#000000;v:50px,50px,50px,19px;b:50px,50px,50px,19px;\"\n\t\t\t\t\t\t\t\t\t\t\tdata-rsp_ch=\"on\"\n\t\t\t\t\t\t\t\t\t\t\tdata-text=\"w:normal;s:100,100,100,60;l:90,90,90,50;ls:-5px,-5px,-5px,-1px;fw:800;\"\n\t\t\t\t\t\t\t\t\t\t\tdata-frame_0=\"x:right;o:1;\"\n\t\t\t\t\t\t\t\t\t\t\tdata-frame_0_reverse=\"x:true;\"\n\t\t\t\t\t\t\t\t\t\t\tdata-frame_1=\"e:back.out;st:200;sp:1400;sR:200;\"\n\t\t\t\t\t\t\t\t\t\t\tdata-frame_999=\"x:left;o:1;e:back.out;st:w;sp:1500;sR:7400;\"\n\t\t\t\t\t\t\t\t\t\t\tdata-frame_999_reverse=\"x:true;\"\n\t\t\t\t\t\t\t\t\t\t\tstyle=\"z-index:3;font-family:'Poppins';text-transform:uppercase;\"\n\t\t\t\t\t\t\t\t\t\t>PVC-T\u00fcren \n\t\t\t\t\t\t\t\t\t\t<\/h2><!--\n\n\t\t\t\t\t\t\t\t\t\t--><h2\n\t\t\t\t\t\t\t\t\t\t\tid=\"slider-19-slide-53-layer-4\" \n\t\t\t\t\t\t\t\t\t\t\tclass=\"rs-layer\"\n\t\t\t\t\t\t\t\t\t\t\tdata-type=\"text\"\n\t\t\t\t\t\t\t\t\t\t\tdata-color=\"rgba(255, 255, 255, 0.93)\"\n\t\t\t\t\t\t\t\t\t\t\tdata-rsp_ch=\"on\"\n\t\t\t\t\t\t\t\t\t\t\tdata-text=\"w:normal;s:45,45,45,30;l:60,60,60,40;ls:-1px,-1px,-1px,0px;fw:800;\"\n\t\t\t\t\t\t\t\t\t\t\tdata-margin=\"t:-5,-5,-5,-2;\"\n\t\t\t\t\t\t\t\t\t\t\tdata-frame_0=\"x:right;\"\n\t\t\t\t\t\t\t\t\t\t\tdata-frame_0_reverse=\"x:true;\"\n\t\t\t\t\t\t\t\t\t\t\tdata-frame_1=\"e:back.out;st:300;sp:1300;sR:300;\"\n\t\t\t\t\t\t\t\t\t\t\tdata-frame_999=\"x:left;o:1;e:back.out;st:w;sp:1500;sR:7400;\"\n\t\t\t\t\t\t\t\t\t\t\tdata-frame_999_reverse=\"x:true;\"\n\t\t\t\t\t\t\t\t\t\t\tstyle=\"z-index:4;font-family:'Poppins';text-transform:uppercase;\"\n\t\t\t\t\t\t\t\t\t\t>Polnischer Hersteller von PVC-T\u00fcren \n\t\t\t\t\t\t\t\t\t\t<\/h2><!--\n\t\t\t\t\t\t\t\t\t--><\/rs-column><!--\n\n\t\t\t\t\t\t\t\t\t--><rs-column\n\t\t\t\t\t\t\t\t\t\tid=\"slider-19-slide-53-layer-6\" \n\t\t\t\t\t\t\t\t\t\tdata-type=\"column\"\n\t\t\t\t\t\t\t\t\t\tdata-xy=\"xo:50px;yo:50px;\"\n\t\t\t\t\t\t\t\t\t\tdata-vbility=\"t,t,t,f\"\n\t\t\t\t\t\t\t\t\t\tdata-rsp_bd=\"off\"\n\t\t\t\t\t\t\t\t\t\tdata-padding=\"r:0,0,0,330;\"\n\t\t\t\t\t\t\t\t\t\tdata-frame_0=\"x:right;o:1;\"\n\t\t\t\t\t\t\t\t\t\tdata-frame_0_reverse=\"x:true;\"\n\t\t\t\t\t\t\t\t\t\tdata-frame_1=\"e:back.out;st:300;sp:1300;sR:300;\"\n\t\t\t\t\t\t\t\t\t\tdata-frame_999=\"x:left;o:1;e:back.out;st:w;sp:1500;sR:7400;sA:9000;\"\n\t\t\t\t\t\t\t\t\t\tdata-frame_999_reverse=\"x:true;\"\n\t\t\t\t\t\t\t\t\t\tstyle=\"z-index:5;width:100%;\"\n\t\t\t\t\t\t\t\t\t><!--\t\t\t\t\t\t\t\t\t--><\/rs-column><!--\n\t\t\t\t\t\t\t\t--><\/rs-row><!--\n\t\t\t\t\t\t\t--><\/rs-zone><!--\n\n\t\t\t\t\t\t\t--><a\n\t\t\t\t\t\t\t\tid=\"slider-19-slide-53-layer-5\" \n\t\t\t\t\t\t\t\tclass=\"rs-layer rev-btn\"\n\t\t\t\t\t\t\t\thref=\"https:\/\/profiloplast.door-offer.eu\/de\" target=\"_blank\" rel=\"noopener\"\n\t\t\t\t\t\t\t\tdata-type=\"button\"\n\t\t\t\t\t\t\t\tdata-rsp_ch=\"on\"\n\t\t\t\t\t\t\t\tdata-xy=\"xo:89px,89px,89px,34px;yo:366px,366px,366px,341px;\"\n\t\t\t\t\t\t\t\tdata-text=\"w:normal;s:18,18,18,15;l:60,60,60,45;fw:800;\"\n\t\t\t\t\t\t\t\tdata-dim=\"minh:0px,0px,0px,none;\"\n\t\t\t\t\t\t\t\tdata-padding=\"r:50,50,50,40;l:50,50,50,39;\"\n\t\t\t\t\t\t\t\tdata-border=\"bos:solid;boc:rgba(255,255,255,0.35);bow:1px,1px,1px,1px;\"\n\t\t\t\t\t\t\t\tdata-frame_0=\"x:right;o:1;\"\n\t\t\t\t\t\t\t\tdata-frame_0_reverse=\"x:true;\"\n\t\t\t\t\t\t\t\tdata-frame_1=\"e:back.out;sp:1500;sR:100;\"\n\t\t\t\t\t\t\t\tdata-frame_999=\"x:left;o:1;e:back.out;st:w;sp:1500;sR:7400;\"\n\t\t\t\t\t\t\t\tdata-frame_999_reverse=\"x:true;\"\n\t\t\t\t\t\t\t\tdata-frame_hover=\"bgc:rgba(0,0,0,0);boc:rgba(255,255,255,0.75);bor:50px,50px,50px,50px;bos:solid;bow:1px,1px,1px,1px;e:power1.inOut;\"\n\t\t\t\t\t\t\t\tstyle=\"z-index:13;background-color:rgba(0,0,0,0);font-family:'Poppins';text-transform:uppercase;cursor:pointer;\"\n\t\t\t\t\t\t\t>Zum Angebot \n\t\t\t\t\t\t\t<\/a><!--\n-->\t\t\t\t\t\t<\/rs-slide>\n\t\t\t\t\t<\/rs-slides>\n\t\t\t\t<\/rs-module>\n\t\t\t\t<script>\n\t\t\t\t\tsetREVStartSize({c: 'rev_slider_19_1',rl:[1240,1240,1240,480],el:[450,450,450,580],gw:[1240,1240,1240,480],gh:[450,450,450,580],type:'standard',justify:'',layout:'fullwidth',mh:\"0\"});if (window.RS_MODULES!==undefined && window.RS_MODULES.modules!==undefined && window.RS_MODULES.modules[\"revslider191\"]!==undefined) {window.RS_MODULES.modules[\"revslider191\"].once = false;window.revapi19 = undefined;if (window.RS_MODULES.checkMinimal!==undefined) window.RS_MODULES.checkMinimal()}\n\t\t\t\t<\/script>\n\t\t\t<\/rs-module-wrap>\n\t\t\t<!-- END REVOLUTION SLIDER -->\n[\/vc_column][\/vc_row][vc_row full_width=&#8220;stretch_row&#8220; content_placement=&#8220;middle&#8220; css=&#8220;.vc_custom_1761040620993{padding-top: 60px !important;padding-bottom: 40px !important;}&#8220;][vc_column width=&#8220;1\/4&#8243; css=&#8220;.vc_custom_1640250088661{padding-bottom: 0px !important;}&#8220;][vc_single_image image=&#8220;1940&#8243; img_size=&#8220;&#8220; alignment=&#8220;center&#8220;][\/vc_column][vc_column width=&#8220;3\/4&#8243;][vc_column_text el_class=&#8220;hashom cap&#8220;]<\/p>\n<h1 style=\"text-align: center;\">Profiloplast\u00a0 &#8211; Polnischer Hersteller von PVC-T\u00fcren<\/h1>\n<p>[\/vc_column_text][vc_column_text el_class=&#8220;hashom cap&#8220;]<\/p>\n<h2 style=\"text-align: center;\">zuverl\u00e4ssig, sicher, breite Palette von Designs<\/h2>\n<p>[\/vc_column_text][vc_column_text]Eingangst\u00fcr ist die Visitenkarte eines Hauses und hat immer individuellen Charakter. Sie \u00f6ffnet den Bauherren und Architekten viele M\u00f6glichkeiten, aber gleichzeitig muss sie den Normen entsprechen.<\/p>\n<p>Eingangst\u00fcr muss zuverl\u00e4ssig funktionieren, vor Wettereinfl\u00fcssen sch\u00fctzen und Sicherheit bieten.<br \/>\n[\/vc_column_text]<style type=\"text\/css\" data-type=\"the7_shortcodes-inline-css\">#default-btn-e144762b6cc3815e749269189df33d31.ico-right-side > i {\n  margin-right: 0px;\n  margin-left: 8px;\n}\n#default-btn-e144762b6cc3815e749269189df33d31 > i {\n  margin-right: 8px;\n}\n<\/style><div class=\"btn-align-left\"><a href=\"https:\/\/profiloplast.door-offer.eu\/de\" class=\"default-btn-shortcode dt-btn dt-btn-s zoomIn animate-element animation-builder link-hover-off ppbuthom \" target=\"_blank\" id=\"default-btn-e144762b6cc3815e749269189df33d31\" rel=\"noopener\"><span>Zu den T\u00fcrangeboten<\/span><\/a><\/div>[\/vc_column][\/vc_row][vc_row full_width=&#8220;stretch_row&#8220; css=&#8220;.vc_custom_1664368707175{margin-bottom: 5px !important;padding-top: 40px !important;padding-bottom: 60px !important;background-color: #efefef !important;}&#8220;][vc_column][vc_row_inner][vc_column_inner width=&#8220;1\/3&#8243;][vc_icon icon_fontawesome=&#8220;fas fa-file-pdf&#8220; color=&#8220;custom&#8220; size=&#8220;xl&#8220; align=&#8220;center&#8220; css_animation=&#8220;zoomIn&#8220; custom_color=&#8220;#0074b8&#8243; link=&#8220;url:https%3A%2F%2Fprofiloplast.pl%2Fwp-content%2Fuploads%2F2022%2F11%2FIndeks_wypelnien_Profiloplast-v2.pdf|target:_blank&#8220; css=&#8220;.vc_custom_1671011568933{margin-bottom: 20px !important;padding-bottom: 0px !important;}&#8220;][vc_column_text css_animation=&#8220;zoomIn&#8220; css=&#8220;.vc_custom_1678968035858{margin-bottom: 30px !important;padding-top: 0px !important;padding-bottom: 0px !important;}&#8220; el_class=&#8220;ikotekst&#8220;]<\/p>\n<p style=\"text-align: center;\">T\u00fcrf\u00fcllungen<br \/>\nBreite Palette von Farben<\/p>\n<p>[\/vc_column_text]<style type=\"text\/css\" data-type=\"the7_shortcodes-inline-css\">#default-btn-edf283592ed4405d325870734f7dac39.ico-right-side > i {\n  margin-right: 0px;\n  margin-left: 8px;\n}\n#default-btn-edf283592ed4405d325870734f7dac39 > i {\n  margin-right: 8px;\n}\n<\/style><div class=\"btn-align-center\"><a href=\"https:\/\/profiloplast.pl\/wp-content\/uploads\/2022\/11\/Indeks_wypelnien_Profiloplast-v2.pdf\" class=\"default-btn-shortcode dt-btn dt-btn-s zoomIn animate-element animation-builder link-hover-off \" target=\"_blank\" id=\"default-btn-edf283592ed4405d325870734f7dac39\" rel=\"noopener\"><span>Siehe Designs<\/span><\/a><\/div>[\/vc_column_inner][vc_column_inner width=&#8220;1\/3&#8243;][vc_icon icon_fontawesome=&#8220;fas fa-file-pdf&#8220; color=&#8220;custom&#8220; size=&#8220;xl&#8220; align=&#8220;center&#8220; css_animation=&#8220;zoomIn&#8220; custom_color=&#8220;#0074b8&#8243; link=&#8220;url:https%3A%2F%2Fprofiloplast.pl%2Fwp-content%2Fuploads%2F2022%2F11%2FKatalog_wypelnien_Profiloplast-1.pdf|target:_blank&#8220; css=&#8220;.vc_custom_1671011589119{margin-bottom: 20px !important;padding-bottom: 0px !important;}&#8220;][vc_column_text css_animation=&#8220;zoomIn&#8220; css=&#8220;.vc_custom_1678968089777{margin-bottom: 30px !important;padding-top: 0px !important;padding-bottom: 0px !important;}&#8220; el_class=&#8220;ikotekst&#8220;]<\/p>\n<p style=\"text-align: center;\">Katalog von T\u00fcrf\u00fcllungen<\/p>\n<p>[\/vc_column_text]<style type=\"text\/css\" data-type=\"the7_shortcodes-inline-css\">#default-btn-7d5287e7264155de87f4eb9eb68b7d2c.ico-right-side > i {\n  margin-right: 0px;\n  margin-left: 8px;\n}\n#default-btn-7d5287e7264155de87f4eb9eb68b7d2c > i {\n  margin-right: 8px;\n}\n<\/style><div class=\"btn-align-center\"><a href=\"https:\/\/profiloplast.pl\/wp-content\/uploads\/2022\/11\/Katalog_wypelnien_Profiloplast-1.pdf\" class=\"default-btn-shortcode dt-btn dt-btn-s zoomIn animate-element animation-builder link-hover-off \" target=\"_blank\" id=\"default-btn-7d5287e7264155de87f4eb9eb68b7d2c\" rel=\"noopener\"><span>Siehe Katalog von T\u00fcrf\u00fcllungen<\/span><\/a><\/div>[\/vc_column_inner][vc_column_inner width=&#8220;1\/3&#8243;][vc_icon icon_fontawesome=&#8220;fas fa-file-pdf&#8220; color=&#8220;custom&#8220; size=&#8220;xl&#8220; align=&#8220;center&#8220; css_animation=&#8220;zoomIn&#8220; custom_color=&#8220;#0074b8&#8243; link=&#8220;url:https%3A%2F%2Fprofiloplast.pl%2Fwp-content%2Fuploads%2F2022%2F11%2FWypelnienia_Drzwiowe_Profiloplast_Cennik.pdf|target:_blank&#8220; css=&#8220;.vc_custom_1671011610508{margin-bottom: 20px !important;padding-bottom: 0px !important;}&#8220;][vc_column_text css_animation=&#8220;zoomIn&#8220; css=&#8220;.vc_custom_1678968129347{margin-bottom: 30px !important;padding-top: 0px !important;padding-bottom: 0px !important;}&#8220; el_class=&#8220;ikotekst&#8220;]<\/p>\n<p style=\"text-align: center;\">Preisliste von PVC T\u00fcrf\u00fcllungen<\/p>\n<p>[\/vc_column_text]<style type=\"text\/css\" data-type=\"the7_shortcodes-inline-css\">#default-btn-12f44a19dd819b5f4b4bfbc82d4d91e0.ico-right-side > i {\n  margin-right: 0px;\n  margin-left: 8px;\n}\n#default-btn-12f44a19dd819b5f4b4bfbc82d4d91e0 > i {\n  margin-right: 8px;\n}\n<\/style><div class=\"btn-align-center\"><a href=\"https:\/\/profiloplast.pl\/wp-content\/uploads\/2022\/11\/Wypelnienia_Drzwiowe_Profiloplast_Cennik.pdf\" class=\"default-btn-shortcode dt-btn dt-btn-s zoomIn animate-element animation-builder link-hover-off \" target=\"_blank\" id=\"default-btn-12f44a19dd819b5f4b4bfbc82d4d91e0\" rel=\"noopener\"><span>Siehe Preisliste<\/span><\/a><\/div>[\/vc_column_inner][\/vc_row_inner][\/vc_column][\/vc_row][vc_row full_width=&#8220;stretch_row_content&#8220; equal_height=&#8220;yes&#8220;][vc_column width=&#8220;1\/2&#8243; css=&#8220;.vc_custom_1669210414323{padding-top: 60px !important;padding-right: 50px !important;padding-bottom: 60px !important;padding-left: 50px !important;}&#8220;][vc_column_text css=&#8220;.vc_custom_1678968174297{margin-top: 11px !important;margin-bottom: 11px !important;padding-top: 5px !important;padding-bottom: 5px !important;}&#8220; el_class=&#8220;hasblok&#8220;]<\/p>\n<h2>Wohnungseingangst\u00fcren<\/h2>\n<p>[\/vc_column_text][vc_column_text]Wir bieten elegante und klassische Modelle der Wohnungseingangst\u00fcren.<\/p>\n<p>Verwendung der Komponenten in bester Qualit\u00e4t garantiert Schutz.<\/p>\n<p>Im Angebot gibt es moderne Eingangst\u00fcren, sowohl Wohnungseingangst\u00fcren, als auch Hauseingangst\u00fcren.<\/p>\n<p>Wir beraten Sie professionell bei der Auswahl der Elemente, dank derer Sie die T\u00fcr an Ihre Vorlieben anpassen k\u00f6nnen.[\/vc_column_text][\/vc_column][vc_column width=&#8220;1\/2&#8243; css=&#8220;.vc_custom_1671540554635{background-image: url(https:\/\/profiloplast.pl\/wp-content\/uploads\/2022\/12\/najlepsze-drzwi-wejsciowe-do-mieszkania-grafit-1500.jpg?id=2762) !important;background-position: center !important;background-repeat: no-repeat !important;background-size: cover !important;}&#8220; el_class=&#8220;obrazwtle&#8220;][\/vc_column][\/vc_row][vc_row full_width=&#8220;stretch_row_content&#8220; equal_height=&#8220;yes&#8220; css=&#8220;.vc_custom_1664368749149{margin-bottom: 0px !important;padding-bottom: 0px !important;}&#8220;][vc_column width=&#8220;1\/2&#8243; el_class=&#8220;vc_col-sm-push-6&#8243; css=&#8220;.vc_custom_1669210419442{padding-top: 60px !important;padding-right: 50px !important;padding-bottom: 60px !important;padding-left: 50px !important;}&#8220;][vc_column_text css=&#8220;.vc_custom_1678968299267{margin-top: 11px !important;margin-bottom: 11px !important;padding-top: 5px !important;padding-bottom: 5px !important;}&#8220; el_class=&#8220;hasblok&#8220;]<\/p>\n<h2>Hauseingangst\u00fcren<\/h2>\n<p>[\/vc_column_text][vc_column_text]Beim Kauf einer neuen Haust\u00fcr sollte man nicht nur auf Design achten, sondern auch Kriterien wie Sicherheit und Funktionalit\u00e4t ber\u00fccksichtigen.<\/p>\n<p>Haust\u00fcren bieten sowohl Schutz vor K\u00e4lte und L\u00e4rm als auch vor unerw\u00fcnschten Eindringlingen.<\/p>\n<p>Im Angebot an Eingangst\u00fcren zum Haus finden Sie sicherlich Modelle, die Ihren \u00e4sthetischen und funktionalen Anforderungen entsprechen.[\/vc_column_text][\/vc_column][vc_column width=&#8220;1\/2&#8243; css=&#8220;.vc_custom_1671540537329{background-image: url(https:\/\/profiloplast.pl\/wp-content\/uploads\/2022\/12\/drzwi-wejsciowe-do-domu-szare-1500.jpg?id=2756) !important;background-position: center !important;background-repeat: no-repeat !important;background-size: cover !important;}&#8220; el_class=&#8220;vc_col-sm-pull-6 obrazwtle&#8220;][\/vc_column][\/vc_row]<\/p>\n","protected":false},"excerpt":{"rendered":"<p>[vc_row css=&#8220;.vc_custom_1656933783240{margin-top: 0px !important;padding-top: 0px !important;}&#8220;][vc_column][\/vc_column][\/vc_row][vc_row full_width=&#8220;stretch_row&#8220; content_placement=&#8220;middle&#8220; css=&#8220;.vc_custom_1761040620993{padding-top: 60px !important;padding-bottom: 40px !important;}&#8220;][vc_column width=&#8220;1\/4&#8243; css=&#8220;.vc_custom_1640250088661{padding-bottom: 0px !important;}&#8220;][vc_single_image image=&#8220;1940&#8243; img_size=&#8220;&#8220; alignment=&#8220;center&#8220;][\/vc_column][vc_column width=&#8220;3\/4&#8243;][vc_column_text el_class=&#8220;hashom cap&#8220;] Profiloplast\u00a0 &#8211; Polnischer Hersteller von PVC-T\u00fcren [\/vc_column_text][vc_column_text el_class=&#8220;hashom cap&#8220;] zuverl\u00e4ssig, sicher, breite Palette von Designs [\/vc_column_text][vc_column_text]Eingangst\u00fcr ist die Visitenkarte eines Hauses und hat immer individuellen Charakter. Sie \u00f6ffnet den Bauherren und Architekten&hellip;<\/p>\n","protected":false},"author":1,"featured_media":0,"parent":0,"menu_order":0,"comment_status":"closed","ping_status":"open","template":"","meta":{"footnotes":""},"class_list":["post-3063","page","type-page","status-publish","hentry","description-off"],"_links":{"self":[{"href":"https:\/\/profiloplast.pl\/de\/wp-json\/wp\/v2\/pages\/3063","targetHints":{"allow":["GET"]}}],"collection":[{"href":"https:\/\/profiloplast.pl\/de\/wp-json\/wp\/v2\/pages"}],"about":[{"href":"https:\/\/profiloplast.pl\/de\/wp-json\/wp\/v2\/types\/page"}],"author":[{"embeddable":true,"href":"https:\/\/profiloplast.pl\/de\/wp-json\/wp\/v2\/users\/1"}],"replies":[{"embeddable":true,"href":"https:\/\/profiloplast.pl\/de\/wp-json\/wp\/v2\/comments?post=3063"}],"version-history":[{"count":13,"href":"https:\/\/profiloplast.pl\/de\/wp-json\/wp\/v2\/pages\/3063\/revisions"}],"predecessor-version":[{"id":3806,"href":"https:\/\/profiloplast.pl\/de\/wp-json\/wp\/v2\/pages\/3063\/revisions\/3806"}],"wp:attachment":[{"href":"https:\/\/profiloplast.pl\/de\/wp-json\/wp\/v2\/media?parent=3063"}],"curies":[{"name":"wp","href":"https:\/\/api.w.org\/{rel}","templated":true}]}}