{"id":3060,"date":"2022-09-28T12:41:55","date_gmt":"2022-09-28T12:41:55","guid":{"rendered":"https:\/\/profiloplast.pl\/drzwi-przesuwne-pvc\/"},"modified":"2025-06-13T06:47:11","modified_gmt":"2025-06-13T06:47:11","slug":"pvc-schiebetueren","status":"publish","type":"page","link":"https:\/\/profiloplast.pl\/de\/pvc-schiebetueren\/","title":{"rendered":"Drzwi przesuwne PVC de"},"content":{"rendered":"<p>[vc_row css=&#8220;.vc_custom_1656933783240{margin-top: 0px !important;padding-top: 0px !important;}&#8220;][vc_column]\n\t\t\t<!-- START DE drzwi przesuwne pvc REVOLUTION SLIDER 6.5.19 --><p class=\"rs-p-wp-fix\"><\/p>\n\t\t\t<rs-module-wrap id=\"rev_slider_20_1_wrapper\" data-source=\"gallery\" style=\"visibility:hidden;background:transparent;padding:0;margin:0px auto;margin-top:0;margin-bottom:0;\">\n\t\t\t\t<rs-module id=\"rev_slider_20_1\" style=\"\" data-version=\"6.5.19\">\n\t\t\t\t\t<rs-slides>\n\t\t\t\t\t\t<rs-slide style=\"position: absolute;\" data-key=\"rs-54\" data-title=\"Slide\" data-in=\"o:0;\" data-out=\"a:false;\">\n\t\t\t\t\t\t\t<img loading=\"lazy\" decoding=\"async\" src=\"\/\/profiloplast.pl\/wp-content\/plugins\/revslider\/public\/assets\/assets\/dummy.png\" alt=\"\" title=\"glazed terrace in the countryside\" width=\"1920\" height=\"1076\" class=\"rev-slidebg tp-rs-img rs-lazyload\" data-lazyload=\"\/\/profiloplast.pl\/wp-content\/uploads\/2022\/12\/drzwi-przesuwne-producent-profiloplast-1920.jpg\" data-no-retina>\n<!--\t\t\t\t\t\t--><rs-zone id=\"rrzm_54\" class=\"rev_row_zone_middle\" style=\"z-index: 11;\"><!--\n\n\t\t\t\t\t\t\t\t--><rs-row\n\t\t\t\t\t\t\t\t\tid=\"slider-20-slide-54-layer-1\" \n\t\t\t\t\t\t\t\t\tdata-type=\"row\"\n\t\t\t\t\t\t\t\t\tdata-xy=\"xo:50px;yo:50px;\"\n\t\t\t\t\t\t\t\t\tdata-rsp_bd=\"off\"\n\t\t\t\t\t\t\t\t\tdata-margin=\"t:70,70,70,0;r:50,50,50,30;l:90,90,90,30;\"\n\t\t\t\t\t\t\t\t\tdata-frame_0=\"x:right;o:1;\"\n\t\t\t\t\t\t\t\t\tdata-frame_0_reverse=\"x:true;\"\n\t\t\t\t\t\t\t\t\tdata-frame_1=\"e:back.out;sp:1500;\"\n\t\t\t\t\t\t\t\t\tdata-frame_999=\"x:left;o:1;e:back.out;st:w;sp:1500;sR:8700;sA:9000;\"\n\t\t\t\t\t\t\t\t\tdata-frame_999_reverse=\"x:true;\"\n\t\t\t\t\t\t\t\t\tstyle=\"z-index:1;\"\n\t\t\t\t\t\t\t\t><!--\n\t\t\t\t\t\t\t\t\t--><rs-column\n\t\t\t\t\t\t\t\t\t\tid=\"slider-20-slide-54-layer-2\" \n\t\t\t\t\t\t\t\t\t\tdata-type=\"column\"\n\t\t\t\t\t\t\t\t\t\tdata-xy=\"xo:50px;yo:50px;\"\n\t\t\t\t\t\t\t\t\t\tdata-rsp_bd=\"off\"\n\t\t\t\t\t\t\t\t\t\tdata-column=\"w:66.67%;\"\n\t\t\t\t\t\t\t\t\t\tdata-frame_0=\"x:right;o:1;\"\n\t\t\t\t\t\t\t\t\t\tdata-frame_0_reverse=\"x:true;\"\n\t\t\t\t\t\t\t\t\t\tdata-frame_999=\"x:left;o:1;e:back.out;st:w;sp:1500;sR:8700;sA:9000;\"\n\t\t\t\t\t\t\t\t\t\tdata-frame_999_reverse=\"x:true;\"\n\t\t\t\t\t\t\t\t\t\tstyle=\"z-index:2;width:100%;\"\n\t\t\t\t\t\t\t\t\t><!--\n\t\t\t\t\t\t\t\t\t\t--><h2\n\t\t\t\t\t\t\t\t\t\t\tid=\"slider-20-slide-54-layer-3\" \n\t\t\t\t\t\t\t\t\t\t\tclass=\"rs-layer\"\n\t\t\t\t\t\t\t\t\t\t\tdata-type=\"text\"\n\t\t\t\t\t\t\t\t\t\t\tdata-tsh=\"c:#000000;v:50px,50px,50px,19px;b:50px,50px,50px,19px;\"\n\t\t\t\t\t\t\t\t\t\t\tdata-rsp_ch=\"on\"\n\t\t\t\t\t\t\t\t\t\t\tdata-text=\"w:normal;s:100,100,100,60;l:90,90,90,50;ls:-5px,-5px,-5px,-1px;fw:800;\"\n\t\t\t\t\t\t\t\t\t\t\tdata-dim=\"w:799.328px,799.328px,799.328px,auto;\"\n\t\t\t\t\t\t\t\t\t\t\tdata-frame_0=\"x:right;o:1;\"\n\t\t\t\t\t\t\t\t\t\t\tdata-frame_0_reverse=\"x:true;\"\n\t\t\t\t\t\t\t\t\t\t\tdata-frame_1=\"e:back.out;st:200;sp:1400;sR:200;\"\n\t\t\t\t\t\t\t\t\t\t\tdata-frame_999=\"x:left;o:1;e:back.out;st:w;sp:1500;sR:7400;\"\n\t\t\t\t\t\t\t\t\t\t\tdata-frame_999_reverse=\"x:true;\"\n\t\t\t\t\t\t\t\t\t\t\tstyle=\"z-index:3;font-family:'Poppins';text-transform:uppercase;\"\n\t\t\t\t\t\t\t\t\t\t>PVC Schiebet\u00fcr \n\t\t\t\t\t\t\t\t\t\t<\/h2><!--\n\n\t\t\t\t\t\t\t\t\t\t--><h2\n\t\t\t\t\t\t\t\t\t\t\tid=\"slider-20-slide-54-layer-4\" \n\t\t\t\t\t\t\t\t\t\t\tclass=\"rs-layer\"\n\t\t\t\t\t\t\t\t\t\t\tdata-type=\"text\"\n\t\t\t\t\t\t\t\t\t\t\tdata-color=\"rgba(255, 255, 255, 0.93)\"\n\t\t\t\t\t\t\t\t\t\t\tdata-rsp_ch=\"on\"\n\t\t\t\t\t\t\t\t\t\t\tdata-text=\"w:normal;s:45,45,45,30;l:60,60,60,40;ls:-1px,-1px,-1px,0px;fw:800;\"\n\t\t\t\t\t\t\t\t\t\t\tdata-margin=\"t:-5,-5,-5,-2;\"\n\t\t\t\t\t\t\t\t\t\t\tdata-frame_0=\"x:right;\"\n\t\t\t\t\t\t\t\t\t\t\tdata-frame_0_reverse=\"x:true;\"\n\t\t\t\t\t\t\t\t\t\t\tdata-frame_1=\"e:back.out;st:300;sp:1300;sR:300;\"\n\t\t\t\t\t\t\t\t\t\t\tdata-frame_999=\"x:left;o:1;e:back.out;st:w;sp:1500;sR:7400;\"\n\t\t\t\t\t\t\t\t\t\t\tdata-frame_999_reverse=\"x:true;\"\n\t\t\t\t\t\t\t\t\t\t\tstyle=\"z-index:4;font-family:'Poppins';text-transform:uppercase;\"\n\t\t\t\t\t\t\t\t\t\t>vom Hersteller \n\t\t\t\t\t\t\t\t\t\t<\/h2><!--\n\t\t\t\t\t\t\t\t\t--><\/rs-column><!--\n\n\t\t\t\t\t\t\t\t\t--><rs-column\n\t\t\t\t\t\t\t\t\t\tid=\"slider-20-slide-54-layer-6\" \n\t\t\t\t\t\t\t\t\t\tdata-type=\"column\"\n\t\t\t\t\t\t\t\t\t\tdata-xy=\"xo:50px;yo:50px;\"\n\t\t\t\t\t\t\t\t\t\tdata-vbility=\"t,t,t,f\"\n\t\t\t\t\t\t\t\t\t\tdata-rsp_bd=\"off\"\n\t\t\t\t\t\t\t\t\t\tdata-padding=\"r:0,0,0,330;\"\n\t\t\t\t\t\t\t\t\t\tdata-frame_0=\"x:right;o:1;\"\n\t\t\t\t\t\t\t\t\t\tdata-frame_0_reverse=\"x:true;\"\n\t\t\t\t\t\t\t\t\t\tdata-frame_1=\"e:back.out;st:300;sp:1300;sR:300;\"\n\t\t\t\t\t\t\t\t\t\tdata-frame_999=\"x:left;o:1;e:back.out;st:w;sp:1500;sR:7400;sA:9000;\"\n\t\t\t\t\t\t\t\t\t\tdata-frame_999_reverse=\"x:true;\"\n\t\t\t\t\t\t\t\t\t\tstyle=\"z-index:5;width:100%;\"\n\t\t\t\t\t\t\t\t\t><!--\t\t\t\t\t\t\t\t\t--><\/rs-column><!--\n\t\t\t\t\t\t\t\t--><\/rs-row><!--\n\t\t\t\t\t\t\t--><\/rs-zone><!--\n\n\t\t\t\t\t\t\t--><rs-layer\n\t\t\t\t\t\t\t\tid=\"slider-20-slide-54-layer-5\" \n\t\t\t\t\t\t\t\tclass=\"rev-btn\"\n\t\t\t\t\t\t\t\tdata-type=\"button\"\n\t\t\t\t\t\t\t\tdata-rsp_ch=\"on\"\n\t\t\t\t\t\t\t\tdata-xy=\"xo:91px,91px,91px,34px;yo:410px,410px,410px,341px;\"\n\t\t\t\t\t\t\t\tdata-text=\"w:normal;s:18,18,18,15;l:60,60,60,45;fw:800;\"\n\t\t\t\t\t\t\t\tdata-dim=\"minh:0px,0px,0px,none;\"\n\t\t\t\t\t\t\t\tdata-vbility=\"f,f,f,f\"\n\t\t\t\t\t\t\t\tdata-actions='o:click;a:scrollbelow;sp:1000ms;e:power1.inOut;'\n\t\t\t\t\t\t\t\tdata-padding=\"r:50,50,50,40;l:50,50,50,39;\"\n\t\t\t\t\t\t\t\tdata-border=\"bos:solid;boc:rgba(255,255,255,0.35);bow:1px,1px,1px,1px;\"\n\t\t\t\t\t\t\t\tdata-frame_0=\"x:right;o:1;\"\n\t\t\t\t\t\t\t\tdata-frame_0_reverse=\"x:true;\"\n\t\t\t\t\t\t\t\tdata-frame_1=\"e:back.out;sp:1500;sR:100;\"\n\t\t\t\t\t\t\t\tdata-frame_999=\"x:left;o:1;e:back.out;st:w;sp:1500;sR:7400;\"\n\t\t\t\t\t\t\t\tdata-frame_999_reverse=\"x:true;\"\n\t\t\t\t\t\t\t\tdata-frame_hover=\"bgc:rgba(0,0,0,0);boc:rgba(255,255,255,0.75);bor:50px,50px,50px,50px;bos:solid;bow:1px,1px,1px,1px;e:power1.inOut;\"\n\t\t\t\t\t\t\t\tstyle=\"z-index:13;background-color:rgba(0,0,0,0);font-family:'Poppins';text-transform:uppercase;cursor:pointer;\"\n\t\t\t\t\t\t\t>zobacz nowo\u015bci \n\t\t\t\t\t\t\t<\/rs-layer><!--\n-->\t\t\t\t\t\t<\/rs-slide>\n\t\t\t\t\t<\/rs-slides>\n\t\t\t\t<\/rs-module>\n\t\t\t\t<script>\n\t\t\t\t\tsetREVStartSize({c: 'rev_slider_20_1',rl:[1240,1240,1240,480],el:[450,450,450,580],gw:[1240,1240,1240,480],gh:[450,450,450,580],type:'standard',justify:'',layout:'fullwidth',mh:\"0\"});if (window.RS_MODULES!==undefined && window.RS_MODULES.modules!==undefined && window.RS_MODULES.modules[\"revslider201\"]!==undefined) {window.RS_MODULES.modules[\"revslider201\"].once = false;window.revapi20 = undefined;if (window.RS_MODULES.checkMinimal!==undefined) window.RS_MODULES.checkMinimal()}\n\t\t\t\t<\/script>\n\t\t\t<\/rs-module-wrap>\n\t\t\t<!-- END REVOLUTION SLIDER -->\n[\/vc_column][\/vc_row][vc_row full_width=&#8220;stretch_row&#8220; content_placement=&#8220;middle&#8220; css=&#8220;.vc_custom_1659963398952{padding-top: 60px !important;padding-bottom: 20px !important;}&#8220;][vc_column width=&#8220;1\/4&#8243; css=&#8220;.vc_custom_1640250088661{padding-bottom: 0px !important;}&#8220;][vc_single_image image=&#8220;1940&#8243; img_size=&#8220;&#8220; alignment=&#8220;center&#8220;][\/vc_column][vc_column width=&#8220;3\/4&#8243;][vc_column_text el_class=&#8220;hashom cap&#8220;]<\/p>\n<h1 style=\"text-align: center;\">PVC-Schiebet\u00fcren, Balkonschiebefenster<\/h1>\n<p>[\/vc_column_text][vc_column_text el_class=&#8220;hashom cap&#8220;]<\/p>\n<h2 style=\"text-align: center;\">modern, ger\u00e4umig, zuverl\u00e4ssig<\/h2>\n<p>[\/vc_column_text][vc_column_text]Schiebet\u00fcren eignen sich f\u00fcr die Gestaltung der Wohnr\u00e4ume in Neubau und Renovierung.<\/p>\n<p>Schiebet\u00fcren bringen durch ihre gro\u00dfen Glasfl\u00e4chen viel Licht in die Wohnr\u00e4ume und erm\u00f6glichen den direkten Zugang zu Garten oder Balkon.<\/p>\n<p>VEKA bietet mit den Hebe-Schiebet\u00fcren und Parallel-Schiebe-Kipp-T\u00fcren das komplette Spektrum an Konstruktionstypen f\u00fcr alle Anforderungen.<br \/>\n[\/vc_column_text][\/vc_column][\/vc_row][vc_row full_width=&#8220;stretch_row_content&#8220; equal_height=&#8220;yes&#8220; css=&#8220;.vc_custom_1665136172442{background-color: #efefef !important;background-position: center !important;background-repeat: no-repeat !important;background-size: cover !important;}&#8220;][vc_column width=&#8220;1\/2&#8243; css=&#8220;.vc_custom_1657192457249{padding: 50px !important;}&#8220;][vc_column_text css=&#8220;.vc_custom_1678968484482{margin-top: 11px !important;margin-bottom: 11px !important;padding-top: 5px !important;padding-bottom: 5px !important;}&#8220; el_class=&#8220;hasblok&#8220;]<\/p>\n<h2>Schiebet\u00fcren aus VEKA- Profilen<\/h2>\n<p>[\/vc_column_text][vc_column_text]Eine praktische und platzsparende L\u00f6sung f\u00fcr Ihren Balkon oder Ihre Terrasse bieten Schiebe-Kipp-T\u00fcren. Sie unterscheiden sich deutlich in Ihrer Funktion von den gew\u00f6hnlichen Balkont\u00fcren. Die besondere Konstruktion bietet sowohl eine Kippstellung, als auch das vollst\u00e4ndige Aufschieben eines Fl\u00fcgels.<br \/>\nSchiebe-Kipp-T\u00fcren eignen sich eher bei kleineren Durchg\u00e4ngen wie Balkont\u00fcren.[\/vc_column_text][vc_column_text]<\/p>\n<ul>\n<li>Hochd\u00e4mmende Mehrkammer-Geometrie<\/li>\n<li>Pflegeleicht<\/li>\n<li>Optimale Stabilit\u00e4t dank den Verst\u00e4rkungen<\/li>\n<li>Spezielle Schiebe-Kipp-Beschl\u00e4ge<\/li>\n<\/ul>\n<p>[\/vc_column_text][\/vc_column][vc_column width=&#8220;1\/2&#8243; css=&#8220;.vc_custom_1671541113249{background-image: url(https:\/\/profiloplast.pl\/wp-content\/uploads\/2022\/12\/drzwi-przesuwne-z-doskonalych-profili-1500b.jpg?id=3157) !important;background-position: center !important;background-repeat: no-repeat !important;background-size: cover !important;}&#8220; el_class=&#8220;obrazwtle&#8220;][\/vc_column][\/vc_row][vc_row full_width=&#8220;stretch_row_content&#8220; equal_height=&#8220;yes&#8220; css=&#8220;.vc_custom_1664369637722{margin-bottom: 0px !important;padding-bottom: 0px !important;background-color: #efefef !important;background-position: center !important;background-repeat: no-repeat !important;background-size: cover !important;}&#8220;][vc_column width=&#8220;1\/2&#8243; el_class=&#8220;vc_col-sm-push-6&#8243; css=&#8220;.vc_custom_1657192491689{padding: 50px !important;}&#8220;][vc_column_text css=&#8220;.vc_custom_1664369523219{margin-top: 11px !important;margin-bottom: 11px !important;padding-top: 5px !important;padding-bottom: 5px !important;}&#8220; el_class=&#8220;hasblok&#8220;]<\/p>\n<h2><strong>VEKASLIDE 70 oraz 82<\/strong>\u00a0 &#8211; <strong>tafle szk\u0142a o du\u017cych powierzchniach<\/strong><\/h2>\n<p>[\/vc_column_text][vc_column_text]Das Hebeschiebet\u00fcrsystem VEKASLIDE 70 und 82 empfiehlt sich besonders dort, wo gro\u00dfe Glasscheiben bewegt werden sollen. Die Fl\u00fcgel ruhen auf separaten Schienen, beim \u00d6ffnen der T\u00fcr wird einer der Fl\u00fcgel leicht angehoben und zur Seite verschoben.[\/vc_column_text][vc_column_text]<\/p>\n<ul>\n<li>Stabile, hochwertige Mehrkammerprofile mit dicken Wandst\u00e4rken<\/li>\n<li>Strapazierf\u00e4higes, witterungsbest\u00e4ndiges und pflegeleichtes Material.<\/li>\n<li>Gleichm\u00e4\u00dfige Wandst\u00e4rken und viele Rippen verhindern ein Verziehen der Rahmen.<\/li>\n<li>Stahlarmierungen mit gro\u00dfen Querschnitten garantieren optimale statische Parameter.<\/li>\n<li>Hygienisch glatte und pflegeleichte Oberfl\u00e4chen.<\/li>\n<li>M\u00f6glichkeit, die Schwelle vollst\u00e4ndig abzudecken (nur die 15-mm-Schiene bleibt sichtbar).<\/li>\n<\/ul>\n<p>[\/vc_column_text][\/vc_column][vc_column width=&#8220;1\/2&#8243; css=&#8220;.vc_custom_1671540508450{background-image: url(https:\/\/profiloplast.pl\/wp-content\/uploads\/2022\/12\/drzwi-przesuwne-balkonowe-pvc-1500.jpg?id=2764) !important;background-position: center !important;background-repeat: no-repeat !important;background-size: cover !important;}&#8220; el_class=&#8220;vc_col-sm-pull-6 obrazwtle&#8220;][\/vc_column][\/vc_row]<\/p>\n","protected":false},"excerpt":{"rendered":"<p>[vc_row css=&#8220;.vc_custom_1656933783240{margin-top: 0px !important;padding-top: 0px !important;}&#8220;][vc_column][\/vc_column][\/vc_row][vc_row full_width=&#8220;stretch_row&#8220; content_placement=&#8220;middle&#8220; css=&#8220;.vc_custom_1659963398952{padding-top: 60px !important;padding-bottom: 20px !important;}&#8220;][vc_column width=&#8220;1\/4&#8243; css=&#8220;.vc_custom_1640250088661{padding-bottom: 0px !important;}&#8220;][vc_single_image image=&#8220;1940&#8243; img_size=&#8220;&#8220; alignment=&#8220;center&#8220;][\/vc_column][vc_column width=&#8220;3\/4&#8243;][vc_column_text el_class=&#8220;hashom cap&#8220;] PVC-Schiebet\u00fcren, Balkonschiebefenster [\/vc_column_text][vc_column_text el_class=&#8220;hashom cap&#8220;] modern, ger\u00e4umig, zuverl\u00e4ssig [\/vc_column_text][vc_column_text]Schiebet\u00fcren eignen sich f\u00fcr die Gestaltung der Wohnr\u00e4ume in Neubau und Renovierung. Schiebet\u00fcren bringen durch ihre gro\u00dfen Glasfl\u00e4chen viel Licht in die Wohnr\u00e4ume und&hellip;<\/p>\n","protected":false},"author":1,"featured_media":0,"parent":0,"menu_order":0,"comment_status":"closed","ping_status":"open","template":"","meta":{"footnotes":""},"class_list":["post-3060","page","type-page","status-publish","hentry","description-off"],"_links":{"self":[{"href":"https:\/\/profiloplast.pl\/de\/wp-json\/wp\/v2\/pages\/3060","targetHints":{"allow":["GET"]}}],"collection":[{"href":"https:\/\/profiloplast.pl\/de\/wp-json\/wp\/v2\/pages"}],"about":[{"href":"https:\/\/profiloplast.pl\/de\/wp-json\/wp\/v2\/types\/page"}],"author":[{"embeddable":true,"href":"https:\/\/profiloplast.pl\/de\/wp-json\/wp\/v2\/users\/1"}],"replies":[{"embeddable":true,"href":"https:\/\/profiloplast.pl\/de\/wp-json\/wp\/v2\/comments?post=3060"}],"version-history":[{"count":9,"href":"https:\/\/profiloplast.pl\/de\/wp-json\/wp\/v2\/pages\/3060\/revisions"}],"predecessor-version":[{"id":3187,"href":"https:\/\/profiloplast.pl\/de\/wp-json\/wp\/v2\/pages\/3060\/revisions\/3187"}],"wp:attachment":[{"href":"https:\/\/profiloplast.pl\/de\/wp-json\/wp\/v2\/media?parent=3060"}],"curies":[{"name":"wp","href":"https:\/\/api.w.org\/{rel}","templated":true}]}}