{"id":3050,"date":"2022-07-07T10:04:57","date_gmt":"2022-07-07T10:04:57","guid":{"rendered":"https:\/\/profiloplast.pl\/okna-pvc\/"},"modified":"2025-06-13T06:46:07","modified_gmt":"2025-06-13T06:46:07","slug":"pvc-fenster","status":"publish","type":"page","link":"https:\/\/profiloplast.pl\/de\/pvc-fenster\/","title":{"rendered":"Okna PVC de"},"content":{"rendered":"<p>[vc_row css=&#8220;.vc_custom_1656933783240{margin-top: 0px !important;padding-top: 0px !important;}&#8220;][vc_column]\n\t\t\t<!-- START DE okna pvc REVOLUTION SLIDER 6.5.19 --><p class=\"rs-p-wp-fix\"><\/p>\n\t\t\t<rs-module-wrap id=\"rev_slider_18_1_wrapper\" data-source=\"gallery\" style=\"visibility:hidden;background:transparent;padding:0;margin:0px auto;margin-top:0;margin-bottom:0;\">\n\t\t\t\t<rs-module id=\"rev_slider_18_1\" style=\"\" data-version=\"6.5.19\">\n\t\t\t\t\t<rs-slides>\n\t\t\t\t\t\t<rs-slide style=\"position: absolute;\" data-key=\"rs-52\" data-title=\"Slide\" data-in=\"o:0;\" data-out=\"a:false;\">\n\t\t\t\t\t\t\t<img loading=\"lazy\" decoding=\"async\" src=\"\/\/profiloplast.pl\/wp-content\/plugins\/revslider\/public\/assets\/assets\/dummy.png\" alt=\"\" title=\"Couple on the terrace of the modern house\" width=\"1920\" height=\"1281\" class=\"rev-slidebg tp-rs-img rs-lazyload\" data-lazyload=\"\/\/profiloplast.pl\/wp-content\/uploads\/2022\/12\/stolarka-aluminiowa-drzwi-aluminium-producent-1920px.jpg\" data-no-retina>\n<!--\t\t\t\t\t\t--><rs-zone id=\"rrzm_52\" class=\"rev_row_zone_middle\" style=\"z-index: 11;\"><!--\n\n\t\t\t\t\t\t\t\t--><rs-row\n\t\t\t\t\t\t\t\t\tid=\"slider-18-slide-52-layer-1\" \n\t\t\t\t\t\t\t\t\tdata-type=\"row\"\n\t\t\t\t\t\t\t\t\tdata-xy=\"xo:50px;yo:50px;\"\n\t\t\t\t\t\t\t\t\tdata-rsp_bd=\"off\"\n\t\t\t\t\t\t\t\t\tdata-margin=\"t:70,70,70,0;r:50,50,50,30;l:90,90,90,30;\"\n\t\t\t\t\t\t\t\t\tdata-frame_0=\"x:right;o:1;\"\n\t\t\t\t\t\t\t\t\tdata-frame_0_reverse=\"x:true;\"\n\t\t\t\t\t\t\t\t\tdata-frame_1=\"e:back.out;sp:1500;\"\n\t\t\t\t\t\t\t\t\tdata-frame_999=\"x:left;o:1;e:back.out;st:w;sp:1500;sR:8700;sA:9000;\"\n\t\t\t\t\t\t\t\t\tdata-frame_999_reverse=\"x:true;\"\n\t\t\t\t\t\t\t\t\tstyle=\"z-index:1;\"\n\t\t\t\t\t\t\t\t><!--\n\t\t\t\t\t\t\t\t\t--><rs-column\n\t\t\t\t\t\t\t\t\t\tid=\"slider-18-slide-52-layer-2\" \n\t\t\t\t\t\t\t\t\t\tdata-type=\"column\"\n\t\t\t\t\t\t\t\t\t\tdata-xy=\"xo:50px;yo:50px;\"\n\t\t\t\t\t\t\t\t\t\tdata-rsp_bd=\"off\"\n\t\t\t\t\t\t\t\t\t\tdata-column=\"w:66.67%;\"\n\t\t\t\t\t\t\t\t\t\tdata-frame_0=\"x:right;o:1;\"\n\t\t\t\t\t\t\t\t\t\tdata-frame_0_reverse=\"x:true;\"\n\t\t\t\t\t\t\t\t\t\tdata-frame_999=\"x:left;o:1;e:back.out;st:w;sp:1500;sR:8700;sA:9000;\"\n\t\t\t\t\t\t\t\t\t\tdata-frame_999_reverse=\"x:true;\"\n\t\t\t\t\t\t\t\t\t\tstyle=\"z-index:2;width:100%;\"\n\t\t\t\t\t\t\t\t\t><!--\n\t\t\t\t\t\t\t\t\t\t--><h2\n\t\t\t\t\t\t\t\t\t\t\tid=\"slider-18-slide-52-layer-3\" \n\t\t\t\t\t\t\t\t\t\t\tclass=\"rs-layer\"\n\t\t\t\t\t\t\t\t\t\t\tdata-type=\"text\"\n\t\t\t\t\t\t\t\t\t\t\tdata-rsp_ch=\"on\"\n\t\t\t\t\t\t\t\t\t\t\tdata-text=\"w:normal;s:100,100,100,60;l:90,90,90,50;ls:-5px,-5px,-5px,-1px;fw:800;\"\n\t\t\t\t\t\t\t\t\t\t\tdata-frame_0=\"x:right;o:1;\"\n\t\t\t\t\t\t\t\t\t\t\tdata-frame_0_reverse=\"x:true;\"\n\t\t\t\t\t\t\t\t\t\t\tdata-frame_1=\"e:back.out;st:200;sp:1400;sR:200;\"\n\t\t\t\t\t\t\t\t\t\t\tdata-frame_999=\"x:left;o:1;e:back.out;st:w;sp:1500;sR:7400;\"\n\t\t\t\t\t\t\t\t\t\t\tdata-frame_999_reverse=\"x:true;\"\n\t\t\t\t\t\t\t\t\t\t\tstyle=\"z-index:3;font-family:'Poppins';text-transform:uppercase;\"\n\t\t\t\t\t\t\t\t\t\t>PVC Fenster \n\t\t\t\t\t\t\t\t\t\t<\/h2><!--\n\n\t\t\t\t\t\t\t\t\t\t--><h1\n\t\t\t\t\t\t\t\t\t\t\tid=\"slider-18-slide-52-layer-4\" \n\t\t\t\t\t\t\t\t\t\t\tclass=\"rs-layer\"\n\t\t\t\t\t\t\t\t\t\t\tdata-type=\"text\"\n\t\t\t\t\t\t\t\t\t\t\tdata-color=\"rgba(255, 255, 255, 0.93)\"\n\t\t\t\t\t\t\t\t\t\t\tdata-rsp_ch=\"on\"\n\t\t\t\t\t\t\t\t\t\t\tdata-text=\"w:normal;s:45,45,45,30;l:60,60,60,40;ls:-1px,-1px,-1px,0px;fw:800;\"\n\t\t\t\t\t\t\t\t\t\t\tdata-margin=\"t:-5,-5,-5,-2;\"\n\t\t\t\t\t\t\t\t\t\t\tdata-frame_0=\"x:right;\"\n\t\t\t\t\t\t\t\t\t\t\tdata-frame_0_reverse=\"x:true;\"\n\t\t\t\t\t\t\t\t\t\t\tdata-frame_1=\"e:back.out;st:300;sp:1300;sR:300;\"\n\t\t\t\t\t\t\t\t\t\t\tdata-frame_999=\"x:left;o:1;e:back.out;st:w;sp:1500;sR:7400;\"\n\t\t\t\t\t\t\t\t\t\t\tdata-frame_999_reverse=\"x:true;\"\n\t\t\t\t\t\t\t\t\t\t\tstyle=\"z-index:4;font-family:'Poppins';text-transform:uppercase;\"\n\t\t\t\t\t\t\t\t\t\t>Polnischer Hersteller von Fenstern \n\t\t\t\t\t\t\t\t\t\t<\/h1><!--\n\t\t\t\t\t\t\t\t\t--><\/rs-column><!--\n\n\t\t\t\t\t\t\t\t\t--><rs-column\n\t\t\t\t\t\t\t\t\t\tid=\"slider-18-slide-52-layer-6\" \n\t\t\t\t\t\t\t\t\t\tdata-type=\"column\"\n\t\t\t\t\t\t\t\t\t\tdata-xy=\"xo:50px;yo:50px;\"\n\t\t\t\t\t\t\t\t\t\tdata-vbility=\"t,t,t,f\"\n\t\t\t\t\t\t\t\t\t\tdata-rsp_bd=\"off\"\n\t\t\t\t\t\t\t\t\t\tdata-padding=\"r:0,0,0,330;\"\n\t\t\t\t\t\t\t\t\t\tdata-frame_0=\"x:right;o:1;\"\n\t\t\t\t\t\t\t\t\t\tdata-frame_0_reverse=\"x:true;\"\n\t\t\t\t\t\t\t\t\t\tdata-frame_1=\"e:back.out;st:300;sp:1300;sR:300;\"\n\t\t\t\t\t\t\t\t\t\tdata-frame_999=\"x:left;o:1;e:back.out;st:w;sp:1500;sR:7400;sA:9000;\"\n\t\t\t\t\t\t\t\t\t\tdata-frame_999_reverse=\"x:true;\"\n\t\t\t\t\t\t\t\t\t\tstyle=\"z-index:5;width:100%;\"\n\t\t\t\t\t\t\t\t\t><!--\t\t\t\t\t\t\t\t\t--><\/rs-column><!--\n\t\t\t\t\t\t\t\t--><\/rs-row><!--\n\t\t\t\t\t\t\t--><\/rs-zone><!--\n\n\t\t\t\t\t\t\t--><rs-layer\n\t\t\t\t\t\t\t\tid=\"slider-18-slide-52-layer-5\" \n\t\t\t\t\t\t\t\tclass=\"rev-btn\"\n\t\t\t\t\t\t\t\tdata-type=\"button\"\n\t\t\t\t\t\t\t\tdata-rsp_ch=\"on\"\n\t\t\t\t\t\t\t\tdata-xy=\"xo:91px,91px,91px,34px;yo:410px,410px,410px,341px;\"\n\t\t\t\t\t\t\t\tdata-text=\"w:normal;s:18,18,18,15;l:60,60,60,45;fw:800;\"\n\t\t\t\t\t\t\t\tdata-dim=\"minh:0px,0px,0px,none;\"\n\t\t\t\t\t\t\t\tdata-vbility=\"f,f,f,f\"\n\t\t\t\t\t\t\t\tdata-actions='o:click;a:scrollbelow;sp:1000ms;e:power1.inOut;'\n\t\t\t\t\t\t\t\tdata-padding=\"r:50,50,50,40;l:50,50,50,39;\"\n\t\t\t\t\t\t\t\tdata-border=\"bos:solid;boc:rgba(255,255,255,0.35);bow:1px,1px,1px,1px;\"\n\t\t\t\t\t\t\t\tdata-frame_0=\"x:right;o:1;\"\n\t\t\t\t\t\t\t\tdata-frame_0_reverse=\"x:true;\"\n\t\t\t\t\t\t\t\tdata-frame_1=\"e:back.out;sp:1500;sR:100;\"\n\t\t\t\t\t\t\t\tdata-frame_999=\"x:left;o:1;e:back.out;st:w;sp:1500;sR:7400;\"\n\t\t\t\t\t\t\t\tdata-frame_999_reverse=\"x:true;\"\n\t\t\t\t\t\t\t\tdata-frame_hover=\"bgc:rgba(0,0,0,0);boc:rgba(255,255,255,0.75);bor:50px,50px,50px,50px;bos:solid;bow:1px,1px,1px,1px;e:power1.inOut;\"\n\t\t\t\t\t\t\t\tstyle=\"z-index:13;background-color:rgba(0,0,0,0);font-family:'Poppins';text-transform:uppercase;cursor:pointer;\"\n\t\t\t\t\t\t\t>zobacz nowo\u015bci \n\t\t\t\t\t\t\t<\/rs-layer><!--\n-->\t\t\t\t\t\t<\/rs-slide>\n\t\t\t\t\t<\/rs-slides>\n\t\t\t\t<\/rs-module>\n\t\t\t\t<script>\n\t\t\t\t\tsetREVStartSize({c: 'rev_slider_18_1',rl:[1240,1240,1240,480],el:[450,450,450,580],gw:[1240,1240,1240,480],gh:[450,450,450,580],type:'standard',justify:'',layout:'fullwidth',mh:\"0\"});if (window.RS_MODULES!==undefined && window.RS_MODULES.modules!==undefined && window.RS_MODULES.modules[\"revslider181\"]!==undefined) {window.RS_MODULES.modules[\"revslider181\"].once = false;window.revapi18 = undefined;if (window.RS_MODULES.checkMinimal!==undefined) window.RS_MODULES.checkMinimal()}\n\t\t\t\t<\/script>\n\t\t\t<\/rs-module-wrap>\n\t\t\t<!-- END REVOLUTION SLIDER -->\n[\/vc_column][\/vc_row][vc_row full_width=&#8220;stretch_row&#8220; content_placement=&#8220;middle&#8220; css=&#8220;.vc_custom_1659963398952{padding-top: 60px !important;padding-bottom: 20px !important;}&#8220;][vc_column width=&#8220;1\/4&#8243; css=&#8220;.vc_custom_1640250088661{padding-bottom: 0px !important;}&#8220;][vc_single_image image=&#8220;1940&#8243; img_size=&#8220;&#8220; alignment=&#8220;center&#8220;][\/vc_column][vc_column width=&#8220;3\/4&#8243;][vc_column_text el_class=&#8220;hashom cap&#8220;]<\/p>\n<h1 style=\"text-align: center;\">Profiloplast \u2013 Fensterhersteller aus VEKA-Profilen<\/h1>\n<p>[\/vc_column_text][vc_column_text el_class=&#8220;hashom cap&#8220;]<\/p>\n<h2 style=\"text-align: center;\">modern, zuverl\u00e4ssig, energiesparend<\/h2>\n<p>[\/vc_column_text][vc_column_text]Fenster aus VEKA-Profilen, von Profiloplast produziert, \u00f6ffnen neue Perspektiven in allen Lebensgebieten und bieten jedem Kunden entsprechende L\u00f6sungen. VEKA-Profile sind die beste Wahl zur Realisierung der ausgesuchten architektonischen Formen und landescharakteristischen Konstruktionen der Fenster und T\u00fcren.<br \/>\nVEKA-Systeme ideal einsetzbar in Neubau und Renovierung.<\/p>\n<p>VEKA-Profile sind funktionell, stabil, langlebig und pflegeleicht. Sie belasten die Umwelt nicht. Die Marke VEKA garantiert h\u00f6chste Qualit\u00e4t.<br \/>\nAu\u00dfer vielen architektonischen L\u00f6sungen bieten VEKA-Systeme gro\u00dfe Auswahl an Farben und Holzdekoren.[\/vc_column_text][\/vc_column][\/vc_row][vc_row full_width=&#8220;stretch_row&#8220; equal_height=&#8220;yes&#8220; css=&#8220;.vc_custom_1661868538672{padding-top: 30px !important;padding-bottom: 30px !important;background-color: #f7f7f7 !important;}&#8220;][vc_column width=&#8220;1\/3&#8243; css=&#8220;.vc_custom_1659965656176{margin-bottom: 0px !important;}&#8220;][vc_separator css=&#8220;.vc_custom_1661868406568{margin-bottom: 12px !important;padding-bottom: 0px !important;}&#8220;][vc_single_image image=&#8220;2016&#8243; img_size=&#8220;full&#8220; alignment=&#8220;center&#8220; onclick=&#8220;custom_link&#8220; css=&#8220;.vc_custom_1679051613504{margin-bottom: 10px !important;padding-bottom: 5px !important;}&#8220; link=&#8220;https:\/\/profiloplast.pl\/de\/fenster-pvc-veka-softline-82-md\/&#8220;][vc_column_text css=&#8220;.vc_custom_1679051595288{margin-top: 11px !important;margin-bottom: 11px !important;padding-top: 5px !important;padding-bottom: 5px !important;}&#8220;]<\/p>\n<h2 style=\"text-align: center;\"><a href=\"https:\/\/profiloplast.pl\/de\/fenster-pvc-veka-softline-82-md\/\">Softline 82 MD<\/a><\/h2>\n<p>[\/vc_column_text][vc_column_text css=&#8220;.vc_custom_1661865755308{margin-top: 11px !important;margin-bottom: 11px !important;padding-top: 5px !important;padding-bottom: 5px !important;}&#8220; el_class=&#8220;mmprofil&#8220;]<\/p>\n<h5 style=\"text-align: center;\">profil 82mm<\/h5>\n<p>[\/vc_column_text][vc_column_text css=&#8220;.vc_custom_1678960896685{margin-bottom: 20px !important;padding-bottom: 5px !important;}&#8220;]<\/p>\n<p style=\"text-align: center;\">Softline 82 MD \u2013 Profile geh\u00f6ren zu den modernsten Profilen auf dem Markt und haben eine hohe Energieeffizienz.<\/p>\n<p>[\/vc_column_text]<style type=\"text\/css\" data-type=\"the7_shortcodes-inline-css\">#default-btn-34139bb6977445710efb3cd2c361f0bc.ico-right-side > i {\n  margin-right: 0px;\n  margin-left: 8px;\n}\n#default-btn-34139bb6977445710efb3cd2c361f0bc > i {\n  margin-right: 8px;\n}\n<\/style><div class=\"btn-align-center\"><a href=\"https:\/\/profiloplast.pl\/de\/fenster-pvc-veka-softline-82-md\/\" class=\"default-btn-shortcode dt-btn dt-btn-l link-hover-off \" id=\"default-btn-34139bb6977445710efb3cd2c361f0bc\"><span>Details<\/span><\/a><\/div>[\/vc_column][vc_column width=&#8220;1\/3&#8243; css=&#8220;.vc_custom_1659965662183{margin-bottom: 0px !important;}&#8220;][vc_separator css=&#8220;.vc_custom_1661868406568{margin-bottom: 12px !important;padding-bottom: 0px !important;}&#8220;][vc_single_image image=&#8220;2228&#8243; img_size=&#8220;640&#215;640&#8243; alignment=&#8220;center&#8220; onclick=&#8220;custom_link&#8220; css=&#8220;.vc_custom_1679051634945{margin-bottom: 10px !important;padding-bottom: 5px !important;}&#8220; link=&#8220;https:\/\/profiloplast.pl\/de\/veka-vekamotion-82\/&#8220;][vc_column_text css=&#8220;.vc_custom_1679051645266{margin-top: 11px !important;margin-bottom: 11px !important;padding-top: 5px !important;padding-bottom: 5px !important;}&#8220;]<\/p>\n<h2 style=\"text-align: center;\"><a href=\"https:\/\/profiloplast.pl\/de\/veka-vekamotion-82\/\">Vekamotion 82<\/a><\/h2>\n<p>[\/vc_column_text][vc_column_text css=&#8220;.vc_custom_1661865755308{margin-top: 11px !important;margin-bottom: 11px !important;padding-top: 5px !important;padding-bottom: 5px !important;}&#8220; el_class=&#8220;mmprofil&#8220;]<\/p>\n<h5 style=\"text-align: center;\">profil 82mm<\/h5>\n<p>[\/vc_column_text][vc_column_text css=&#8220;.vc_custom_1678961159703{margin-bottom: 20px !important;padding-bottom: 5px !important;}&#8220;]<\/p>\n<p style=\"text-align: center;\">Die Hebe-Schiebet\u00fcr VEKAMOTION 82 bietet gro\u00dfz\u00fcgige Glasfl\u00e4chen mit einzigartigen Ausblicken.<\/p>\n<p>[\/vc_column_text]<style type=\"text\/css\" data-type=\"the7_shortcodes-inline-css\">#default-btn-6260c09c8fc42a0a1c28c666a94f297d.ico-right-side > i {\n  margin-right: 0px;\n  margin-left: 8px;\n}\n#default-btn-6260c09c8fc42a0a1c28c666a94f297d > i {\n  margin-right: 8px;\n}\n<\/style><div class=\"btn-align-center\"><a href=\"https:\/\/profiloplast.pl\/de\/veka-vekamotion-82\/\" class=\"default-btn-shortcode dt-btn dt-btn-l link-hover-off \" id=\"default-btn-6260c09c8fc42a0a1c28c666a94f297d\"><span>Details<\/span><\/a><\/div>[\/vc_column][vc_column width=&#8220;1\/3&#8243; css=&#8220;.vc_custom_1659965671598{margin-bottom: 0px !important;}&#8220;][vc_separator css=&#8220;.vc_custom_1661868406568{margin-bottom: 12px !important;padding-bottom: 0px !important;}&#8220;][vc_single_image image=&#8220;2010&#8243; img_size=&#8220;full&#8220; alignment=&#8220;center&#8220; onclick=&#8220;custom_link&#8220; lazy_loading=&#8220;true&#8220; css=&#8220;.vc_custom_1679051789843{margin-bottom: 10px !important;padding-bottom: 5px !important;}&#8220; link=&#8220;https:\/\/profiloplast.pl\/de\/veka-softline-76-md\/&#8220;][vc_column_text css=&#8220;.vc_custom_1679051800513{margin-top: 11px !important;margin-bottom: 11px !important;padding-top: 5px !important;padding-bottom: 5px !important;}&#8220;]<\/p>\n<h2 style=\"text-align: center;\"><a href=\"https:\/\/profiloplast.pl\/de\/veka-softline-76-md\/\">Softline 76 MD<\/a><\/h2>\n<p>[\/vc_column_text][vc_column_text css=&#8220;.vc_custom_1661865960172{margin-top: 11px !important;margin-bottom: 11px !important;padding-top: 5px !important;padding-bottom: 5px !important;}&#8220; el_class=&#8220;mmprofil&#8220;]<\/p>\n<h5 style=\"text-align: center;\">profil 76mm<\/h5>\n<p>[\/vc_column_text][vc_column_text css=&#8220;.vc_custom_1678961198494{margin-bottom: 20px !important;padding-bottom: 5px !important;}&#8220;]<\/p>\n<p style=\"text-align: center;\">Als Mehrkammer-System mit 76 mm Basis-Bautiefe vereint SOFTLINE 76 MD die Vorteile der 70- und der 82-mm-Systemwelt f\u00fcr die perfekte Balance zwischen Energie- und Kosteneffizienz.<\/p>\n<p>[\/vc_column_text]<style type=\"text\/css\" data-type=\"the7_shortcodes-inline-css\">#default-btn-146628bebd93860c658d306d5be0dc60.ico-right-side > i {\n  margin-right: 0px;\n  margin-left: 8px;\n}\n#default-btn-146628bebd93860c658d306d5be0dc60 > i {\n  margin-right: 8px;\n}\n<\/style><div class=\"btn-align-center\"><a href=\"https:\/\/profiloplast.pl\/de\/veka-softline-76-md\/\" class=\"default-btn-shortcode dt-btn dt-btn-l link-hover-off \" id=\"default-btn-146628bebd93860c658d306d5be0dc60\"><span>Details<\/span><\/a><\/div>[\/vc_column][\/vc_row][vc_row full_width=&#8220;stretch_row&#8220; css=&#8220;.vc_custom_1661868486608{padding-bottom: 50px !important;background-color: #f7f7f7 !important;}&#8220;][vc_column width=&#8220;1\/6&#8243; css=&#8220;.vc_custom_1659965813883{padding-top: 0px !important;}&#8220;][\/vc_column][vc_column width=&#8220;1\/3&#8243; css=&#8220;.vc_custom_1659965799393{padding-top: 0px !important;}&#8220;][vc_separator css=&#8220;.vc_custom_1661868406568{margin-bottom: 12px !important;padding-bottom: 0px !important;}&#8220;][vc_single_image image=&#8220;2009&#8243; img_size=&#8220;full&#8220; alignment=&#8220;center&#8220; onclick=&#8220;custom_link&#8220; css=&#8220;.vc_custom_1679051686650{margin-top: 0px !important;margin-bottom: 10px !important;padding-top: 0px !important;padding-bottom: 5px !important;}&#8220; link=&#8220;https:\/\/profiloplast.pl\/de\/veka-perfectline-standard-70\/&#8220;][vc_column_text css=&#8220;.vc_custom_1679051836929{margin-top: 11px !important;margin-bottom: 11px !important;padding-top: 5px !important;padding-bottom: 5px !important;}&#8220;]<\/p>\n<h2 style=\"text-align: center;\"><a href=\"https:\/\/profiloplast.pl\/de\/veka-perfectline-standard-70\/\">Perfectline Standard 70<\/a><\/h2>\n<p>[\/vc_column_text][vc_column_text css=&#8220;.vc_custom_1661867503448{margin-top: 11px !important;margin-bottom: 11px !important;padding-top: 5px !important;padding-bottom: 5px !important;}&#8220; el_class=&#8220;mmprofil&#8220;]<\/p>\n<h5 style=\"text-align: center;\">profil 70mm<\/h5>\n<p>[\/vc_column_text][vc_column_text css=&#8220;.vc_custom_1678961287505{margin-bottom: 20px !important;padding-bottom: 5px !important;}&#8220;]<\/p>\n<p style=\"text-align: center;\">Leicht abgerundete Konturen verleihen dem SOFTLINE 70 AD \u2013 System sein klassisches Design.<\/p>\n<p>[\/vc_column_text]<style type=\"text\/css\" data-type=\"the7_shortcodes-inline-css\">#default-btn-53286b3b317837068970f925dd2700b5.ico-right-side > i {\n  margin-right: 0px;\n  margin-left: 8px;\n}\n#default-btn-53286b3b317837068970f925dd2700b5 > i {\n  margin-right: 8px;\n}\n<\/style><div class=\"btn-align-center\"><a href=\"https:\/\/profiloplast.pl\/de\/veka-perfectline-standard-70\/\" class=\"default-btn-shortcode dt-btn dt-btn-l link-hover-off \" id=\"default-btn-53286b3b317837068970f925dd2700b5\"><span>Details<\/span><\/a><\/div>[\/vc_column][vc_column width=&#8220;1\/3&#8243; css=&#8220;.vc_custom_1659965807213{padding-top: 0px !important;}&#8220;][vc_separator css=&#8220;.vc_custom_1661868406568{margin-bottom: 12px !important;padding-bottom: 0px !important;}&#8220;][vc_single_image image=&#8220;2024&#8243; img_size=&#8220;full&#8220; alignment=&#8220;center&#8220; onclick=&#8220;custom_link&#8220; css=&#8220;.vc_custom_1679051714566{margin-bottom: 10px !important;padding-bottom: 5px !important;}&#8220; link=&#8220;https:\/\/profiloplast.pl\/de\/veka-perfectline-rondoline-70\/&#8220;][vc_column_text css=&#8220;.vc_custom_1679051725857{margin-top: 11px !important;margin-bottom: 11px !important;padding-top: 5px !important;padding-bottom: 5px !important;}&#8220;]<\/p>\n<h2 style=\"text-align: center;\"><a href=\"https:\/\/profiloplast.pl\/de\/veka-perfectline-rondoline-70\/\">Perfectline Rondoline 70<\/a><\/h2>\n<p>[\/vc_column_text][vc_column_text css=&#8220;.vc_custom_1661867503448{margin-top: 11px !important;margin-bottom: 11px !important;padding-top: 5px !important;padding-bottom: 5px !important;}&#8220; el_class=&#8220;mmprofil&#8220;]<\/p>\n<h5 style=\"text-align: center;\">profil 70mm<\/h5>\n<p>[\/vc_column_text][vc_column_text css=&#8220;.vc_custom_1678961326790{margin-bottom: 20px !important;padding-bottom: 5px !important;}&#8220;]<\/p>\n<p style=\"text-align: center;\">Bei der Variante Perfectline Oval sind Fl\u00fcgel und Blendrahmen halbb\u00fcndig, der Fl\u00fcgel hat stark abgerundete Kanten und der Blendrahmen ist leicht gerundet. .<\/p>\n<p>[\/vc_column_text]<style type=\"text\/css\" data-type=\"the7_shortcodes-inline-css\">#default-btn-852059f622a757ef478e33595231e557.ico-right-side > i {\n  margin-right: 0px;\n  margin-left: 8px;\n}\n#default-btn-852059f622a757ef478e33595231e557 > i {\n  margin-right: 8px;\n}\n<\/style><div class=\"btn-align-center\"><a href=\"https:\/\/profiloplast.pl\/de\/veka-perfectline-rondoline-70\/\" class=\"default-btn-shortcode dt-btn dt-btn-l link-hover-off \" id=\"default-btn-852059f622a757ef478e33595231e557\"><span>Details<\/span><\/a><\/div>[\/vc_column][vc_column width=&#8220;1\/6&#8243;][\/vc_column][\/vc_row][vc_row full_width=&#8220;stretch_row_content&#8220; equal_height=&#8220;yes&#8220;][vc_column width=&#8220;1\/2&#8243; css=&#8220;.vc_custom_1657192457249{padding: 50px !important;}&#8220;][vc_column_text css=&#8220;.vc_custom_1678961446154{margin-top: 11px !important;margin-bottom: 11px !important;padding-top: 5px !important;padding-bottom: 5px !important;}&#8220; el_class=&#8220;hasblok&#8220;]<\/p>\n<h2 style=\"text-align: left;\">Vorz\u00fcgliche Eigenschaften der VEKA-Profile<\/h2>\n<p>[\/vc_column_text][vc_column_text]<\/p>\n<ul>\n<li class=\"vc_custom_heading introduction-text\"><strong style=\"font-size: 14px;\">Widerstandsf\u00e4higkeit gegen Windbelastung<br \/>\n<\/strong>Von Klasse C5, die einer Windgeschwindigkeit von 210 km\/h entspricht (bei einem Druck bis 2000 Pa), bis Klasse C2, die einer Windgeschwindigkeit von 130 km\/h entspricht (bei einem Druck bis 800 Pa).<\/li>\n<li class=\"vc_custom_heading introduction-text\"><strong>Schlagregendichtheit<br \/>\n<\/strong>Von Klasse E1050, die der Dichtheit bei der Windgeschwindigkeit bis 150 km\/h entspricht, bis Klassen 7A-9A (Windgeschwindigkeit von 75 bis 110 km\/h).<\/li>\n<li class=\"vc_custom_heading introduction-text\"><strong>Luftdurchl\u00e4ssigkeit<br \/>\n<\/strong>Klasse 4 der Luftdurchl\u00e4ssigkeit entspricht den europ\u00e4ischen Normen f\u00fcr die h\u00f6her als das zweite Stockwerk eingebauten Fenster (Minimum Klasse 3).<\/li>\n<li class=\"vc_custom_heading introduction-text\"><strong>W\u00e4rmedurchgangskoeffizient<br \/>\n<\/strong>Der W\u00e4rmedurchgangskoeffizient (Uw) f\u00fcr Fenster aus VEKA-Profilen betr\u00e4gt von 0,7 bis 1,3 W\/m\u00b2K und entspricht europ\u00e4ischen Normen.<\/li>\n<li class=\"vc_custom_heading introduction-text\"><strong>Sicherheit der Nutzung<\/strong>\u00a0(gem\u00e4\u00df Tests der mechanischen Eigenschaften von VEKA-Strukturen)<\/li>\n<\/ul>\n<p>[\/vc_column_text][\/vc_column][vc_column width=&#8220;1\/2&#8243; css=&#8220;.vc_custom_1671540571997{background-image: url(https:\/\/profiloplast.pl\/wp-content\/uploads\/2022\/12\/okna-z-profili-veka-1500.jpg?id=2751) !important;background-position: center !important;background-repeat: no-repeat !important;background-size: cover !important;}&#8220; el_class=&#8220;obrazwtle&#8220;][\/vc_column][\/vc_row][vc_row full_width=&#8220;stretch_row_content&#8220; equal_height=&#8220;yes&#8220; css=&#8220;.vc_custom_1664368819630{margin-bottom: 0px !important;padding-bottom: 0px !important;}&#8220;][vc_column width=&#8220;1\/2&#8243; el_class=&#8220;vc_col-sm-push-6&#8243; css=&#8220;.vc_custom_1657192491689{padding: 50px !important;}&#8220;][vc_column_text css=&#8220;.vc_custom_1678967509539{margin-top: 11px !important;margin-bottom: 11px !important;padding-top: 5px !important;padding-bottom: 5px !important;}&#8220; el_class=&#8220;hasblok&#8220;]<\/p>\n<h2 style=\"text-align: left;\">H\u00f6chste Qualit\u00e4t Klasse A<\/h2>\n<p>[\/vc_column_text][vc_column_text css=&#8220;.vc_custom_1678967726221{margin-bottom: 20px !important;padding-bottom: 5px !important;}&#8220;]Die Euronorm DIN EN 12608 unterscheidet bei der Wanddicke f\u00fcr Profile aus Kunststoff die Klassen A, B und C. VEKA-Profile geh\u00f6ren ausschlie\u00dflich zur h\u00f6chsten Klasse A.<\/p>\n<p>Die Anforderungen an Profile der Klasse A sind besonders hoch. F\u00fcr die Au\u00dfenw\u00e4nde dieser Profile ist eine St\u00e4rke von 3 mm (Toleranz 0,2 mm) vorgeschrieben, das bedeutet um 10 % dickere W\u00e4nde als in der Klasse B. Profile der Klasse A sch\u00fctzen perfekt vor W\u00e4rmeverlust und L\u00e4rm, erh\u00f6hen auch die Stabilit\u00e4t und Langlebigkeit der Fenster. Eckprofile der Klasse A sind um 10 &#8211; 20% widerstandsf\u00e4higer gegen Besch\u00e4digungen.<\/p>\n<p>Profile der unteren Klasse sind Profilen der Klasse A* in einer Reihe wichtiger funktionaler Merkmale unterlegen. Hier sind die wichtigsten davon:<br \/>\n-Fensterecken sind 10-20% schw\u00e4cher<br \/>\n-Die Schalld\u00e4mmung ist um 1 bis 4 dB schlechter, was den Ger\u00e4uschpegel in den R\u00e4umen erh\u00f6ht<br \/>\n-Die W\u00e4rmed\u00e4mmung ist aufgrund des d\u00fcnneren Materials und des kleineren Fassungsverm\u00f6gens der Kammern geringer<br \/>\nDie Einbruchhemmung kann geringer sein und erreicht nicht die WK2-Widerstandsklasse<br \/>\n[\/vc_column_text][vc_column_text el_class=&#8220;smalltxt&#8220;]* Klasse A &#8211; gem\u00e4\u00df der Norm PN-EN 12608 betr\u00e4gt die Dicke der Au\u00dfenwand des Profils 3 mm (Toleranz 0,2 mm)<br \/>\n** ausgenommen Nutzfensterprofile (unbeheizter Raum oder Raum mit einer Innentemperatur von weniger als 8 Grad C gem\u00e4\u00df der Verordnung des Ministers f\u00fcr Infrastruktur, Gesetzblatt Nr. 75\/2003 Pos. 690)[\/vc_column_text][\/vc_column][vc_column width=&#8220;1\/2&#8243; css=&#8220;.vc_custom_1671540579384{background-image: url(https:\/\/profiloplast.pl\/wp-content\/uploads\/2022\/12\/okna-pvc-kolor-drewno-wysoka-jakosc-1500.jpg?id=2753) !important;background-position: center !important;background-repeat: no-repeat !important;background-size: cover !important;}&#8220; el_class=&#8220;vc_col-sm-pull-6 obrazwtle&#8220;][\/vc_column][\/vc_row][vc_row disable_element=&#8220;yes&#8220;][vc_column][vc_separator][vc_column_text]I am text block. Lorem ipsum dolor sit amet, consectetur adipiscing elit. Ut elit tellus, luctus nec ullamcorper mattis, pulvinar dapibus leo.[\/vc_column_text][vc_column_text]I am text block. Lorem ipsum dolor sit amet, consectetur adipiscing elit. Ut elit tellus, luctus nec ullamcorper mattis, pulvinar dapibus leo.[\/vc_column_text][\/vc_column][\/vc_row]<\/p>\n","protected":false},"excerpt":{"rendered":"<p>[vc_row css=&#8220;.vc_custom_1656933783240{margin-top: 0px !important;padding-top: 0px !important;}&#8220;][vc_column][\/vc_column][\/vc_row][vc_row full_width=&#8220;stretch_row&#8220; content_placement=&#8220;middle&#8220; css=&#8220;.vc_custom_1659963398952{padding-top: 60px !important;padding-bottom: 20px !important;}&#8220;][vc_column width=&#8220;1\/4&#8243; css=&#8220;.vc_custom_1640250088661{padding-bottom: 0px !important;}&#8220;][vc_single_image image=&#8220;1940&#8243; img_size=&#8220;&#8220; alignment=&#8220;center&#8220;][\/vc_column][vc_column width=&#8220;3\/4&#8243;][vc_column_text el_class=&#8220;hashom cap&#8220;] Profiloplast \u2013 Fensterhersteller aus VEKA-Profilen [\/vc_column_text][vc_column_text el_class=&#8220;hashom cap&#8220;] modern, zuverl\u00e4ssig, energiesparend [\/vc_column_text][vc_column_text]Fenster aus VEKA-Profilen, von Profiloplast produziert, \u00f6ffnen neue Perspektiven in allen Lebensgebieten und bieten jedem Kunden entsprechende L\u00f6sungen. VEKA-Profile sind die&hellip;<\/p>\n","protected":false},"author":1,"featured_media":0,"parent":0,"menu_order":0,"comment_status":"closed","ping_status":"open","template":"","meta":{"footnotes":""},"class_list":["post-3050","page","type-page","status-publish","hentry","description-off"],"_links":{"self":[{"href":"https:\/\/profiloplast.pl\/de\/wp-json\/wp\/v2\/pages\/3050","targetHints":{"allow":["GET"]}}],"collection":[{"href":"https:\/\/profiloplast.pl\/de\/wp-json\/wp\/v2\/pages"}],"about":[{"href":"https:\/\/profiloplast.pl\/de\/wp-json\/wp\/v2\/types\/page"}],"author":[{"embeddable":true,"href":"https:\/\/profiloplast.pl\/de\/wp-json\/wp\/v2\/users\/1"}],"replies":[{"embeddable":true,"href":"https:\/\/profiloplast.pl\/de\/wp-json\/wp\/v2\/comments?post=3050"}],"version-history":[{"count":17,"href":"https:\/\/profiloplast.pl\/de\/wp-json\/wp\/v2\/pages\/3050\/revisions"}],"predecessor-version":[{"id":3230,"href":"https:\/\/profiloplast.pl\/de\/wp-json\/wp\/v2\/pages\/3050\/revisions\/3230"}],"wp:attachment":[{"href":"https:\/\/profiloplast.pl\/de\/wp-json\/wp\/v2\/media?parent=3050"}],"curies":[{"name":"wp","href":"https:\/\/api.w.org\/{rel}","templated":true}]}}